{"id":15649,"date":"2021-02-08T22:18:17","date_gmt":"2021-02-08T21:20:00","guid":{"rendered":"https:\/\/inezstodel.com\/?post_type=product&#038;p=15649"},"modified":"2021-02-08T22:20:00","modified_gmt":"2021-02-08T21:20:00","slug":"golden-ringset-with-tourmalines","status":"publish","type":"product","link":"https:\/\/inezstodel.com\/en\/collection\/recent-acquisitions\/golden-ringset-with-tourmalines\/","title":{"rendered":"set of three gold and tourmaline rings"},"content":{"rendered":"<p>A set of three 18 carat gold rings. The first with one carr\u00e9 cut green tourmaline, the second with two carr\u00e9 cut tourmalines and the third with three carr\u00e9 cut tourmalines, all set like a kite, They fit in to each other and form a triangle or heart, France.<\/p>\n<p>weight: 6.88 grams<br \/>ringsize: 16.75 mm \/ 6 1\/4 US<br \/>width: 2 mm<\/p>\n","protected":false},"excerpt":{"rendered":"<p>A set of three 18 carat gold rings. The first with one carr\u00e9 cut green tourmaline, the second with two carr\u00e9 cut tourmalines and the third with three carr\u00e9 cut tourmalines, all set like a kite, They fit in to each other and form a triangle or heart, France. weight: 6.88 gramsringsize: 16.75 mm \/ [&#8230;]\n","protected":false},"featured_media":15667,"template":"","meta":{"_monsterinsights_skip_tracking":false,"_monsterinsights_sitenote_active":false,"_monsterinsights_sitenote_note":"","_monsterinsights_sitenote_category":0},"product_brand":[],"product_cat":[33,37,345],"product_tag":[],"class_list":{"0":"post-15649","1":"product","2":"type-product","3":"status-publish","4":"has-post-thumbnail","6":"product_cat-recent-acquisitions","7":"product_cat-rings","8":"product_cat-sold","9":"pa_period-modern-en","10":"pa_pricerange-e-1000-e-2500","12":"first","13":"instock","14":"shipping-taxable","15":"product-type-simple"},"yoast_head":"<!-- This site is optimized with the Yoast SEO plugin v27.4 - https:\/\/yoast.com\/product\/yoast-seo-wordpress\/ -->\n<title>set of three gold and tourmaline rings - Inez Stodel<\/title>\n<meta name=\"robots\" content=\"index, follow, max-snippet:-1, max-image-preview:large, max-video-preview:-1\" \/>\n<link rel=\"canonical\" href=\"https:\/\/inezstodel.com\/en\/collection\/recent-acquisitions\/golden-ringset-with-tourmalines\/\" \/>\n<meta property=\"og:locale\" content=\"en_US\" \/>\n<meta property=\"og:type\" content=\"article\" \/>\n<meta property=\"og:title\" content=\"set of three gold and tourmaline rings - Inez Stodel\" \/>\n<meta property=\"og:description\" content=\"A set of three 18 carat gold rings. The first with one carr\u00e9 cut green tourmaline, the second with two carr\u00e9 cut tourmalines and the third with three carr\u00e9 cut tourmalines, all set like a kite, They fit in to each other and form a triangle or heart, France. weight: 6.88 gramsringsize: 16.75 mm \/ [...]\" \/>\n<meta property=\"og:url\" content=\"https:\/\/inezstodel.com\/en\/collection\/recent-acquisitions\/golden-ringset-with-tourmalines\/\" \/>\n<meta property=\"og:site_name\" content=\"Inez Stodel\" \/>\n<meta property=\"og:image\" content=\"https:\/\/inezstodel.com\/wp-content\/uploads\/2021\/02\/182_01.jpg\" \/>\n\t<meta property=\"og:image:width\" content=\"900\" \/>\n\t<meta property=\"og:image:height\" content=\"765\" \/>\n\t<meta property=\"og:image:type\" content=\"image\/jpeg\" \/>\n<meta name=\"twitter:card\" content=\"summary_large_image\" \/>\n<script type=\"application\/ld+json\" class=\"yoast-schema-graph\">{\"@context\":\"https:\\\/\\\/schema.org\",\"@graph\":[{\"@type\":\"WebPage\",\"@id\":\"https:\\\/\\\/inezstodel.com\\\/en\\\/collection\\\/recent-acquisitions\\\/golden-ringset-with-tourmalines\\\/\",\"url\":\"https:\\\/\\\/inezstodel.com\\\/en\\\/collection\\\/recent-acquisitions\\\/golden-ringset-with-tourmalines\\\/\",\"name\":\"set of three gold and tourmaline rings - Inez Stodel\",\"isPartOf\":{\"@id\":\"https:\\\/\\\/inezstodel.com\\\/#website\"},\"primaryImageOfPage\":{\"@id\":\"https:\\\/\\\/inezstodel.com\\\/en\\\/collection\\\/recent-acquisitions\\\/golden-ringset-with-tourmalines\\\/#primaryimage\"},\"image\":{\"@id\":\"https:\\\/\\\/inezstodel.com\\\/en\\\/collection\\\/recent-acquisitions\\\/golden-ringset-with-tourmalines\\\/#primaryimage\"},\"thumbnailUrl\":\"https:\\\/\\\/inezstodel.com\\\/wp-content\\\/uploads\\\/2021\\\/02\\\/182_01.jpg\",\"datePublished\":\"2021-02-08T21:20:00+00:00\",\"breadcrumb\":{\"@id\":\"https:\\\/\\\/inezstodel.com\\\/en\\\/collection\\\/recent-acquisitions\\\/golden-ringset-with-tourmalines\\\/#breadcrumb\"},\"inLanguage\":\"en-US\",\"potentialAction\":[{\"@type\":\"ReadAction\",\"target\":[\"https:\\\/\\\/inezstodel.com\\\/en\\\/collection\\\/recent-acquisitions\\\/golden-ringset-with-tourmalines\\\/\"]}]},{\"@type\":\"ImageObject\",\"inLanguage\":\"en-US\",\"@id\":\"https:\\\/\\\/inezstodel.com\\\/en\\\/collection\\\/recent-acquisitions\\\/golden-ringset-with-tourmalines\\\/#primaryimage\",\"url\":\"https:\\\/\\\/inezstodel.com\\\/wp-content\\\/uploads\\\/2021\\\/02\\\/182_01.jpg\",\"contentUrl\":\"https:\\\/\\\/inezstodel.com\\\/wp-content\\\/uploads\\\/2021\\\/02\\\/182_01.jpg\",\"width\":900,\"height\":765,\"caption\":\"triple gold and tourmaline ring\"},{\"@type\":\"BreadcrumbList\",\"@id\":\"https:\\\/\\\/inezstodel.com\\\/en\\\/collection\\\/recent-acquisitions\\\/golden-ringset-with-tourmalines\\\/#breadcrumb\",\"itemListElement\":[{\"@type\":\"ListItem\",\"position\":1,\"name\":\"Home\",\"item\":\"https:\\\/\\\/inezstodel.com\\\/en\\\/\"},{\"@type\":\"ListItem\",\"position\":2,\"name\":\"Collection\",\"item\":\"https:\\\/\\\/inezstodel.com\\\/en\\\/collection\\\/\"},{\"@type\":\"ListItem\",\"position\":3,\"name\":\"set of three gold and tourmaline rings\"}]},{\"@type\":\"WebSite\",\"@id\":\"https:\\\/\\\/inezstodel.com\\\/#website\",\"url\":\"https:\\\/\\\/inezstodel.com\\\/\",\"name\":\"Inez Stodel\",\"description\":\"period jewellery - antiques\",\"publisher\":{\"@id\":\"https:\\\/\\\/inezstodel.com\\\/#organization\"},\"potentialAction\":[{\"@type\":\"SearchAction\",\"target\":{\"@type\":\"EntryPoint\",\"urlTemplate\":\"https:\\\/\\\/inezstodel.com\\\/?s={search_term_string}\"},\"query-input\":{\"@type\":\"PropertyValueSpecification\",\"valueRequired\":true,\"valueName\":\"search_term_string\"}}],\"inLanguage\":\"en-US\"},{\"@type\":\"Organization\",\"@id\":\"https:\\\/\\\/inezstodel.com\\\/#organization\",\"name\":\"Inez Stodel\",\"url\":\"https:\\\/\\\/inezstodel.com\\\/\",\"logo\":{\"@type\":\"ImageObject\",\"inLanguage\":\"en-US\",\"@id\":\"https:\\\/\\\/inezstodel.com\\\/#\\\/schema\\\/logo\\\/image\\\/\",\"url\":\"https:\\\/\\\/inezstodel.com\\\/wp-content\\\/uploads\\\/2017\\\/12\\\/InezStodel_Logo_jewellery.png\",\"contentUrl\":\"https:\\\/\\\/inezstodel.com\\\/wp-content\\\/uploads\\\/2017\\\/12\\\/InezStodel_Logo_jewellery.png\",\"width\":232,\"height\":100,\"caption\":\"Inez Stodel\"},\"image\":{\"@id\":\"https:\\\/\\\/inezstodel.com\\\/#\\\/schema\\\/logo\\\/image\\\/\"}}]}<\/script>\n<!-- \/ Yoast SEO plugin. -->","yoast_head_json":{"title":"set of three gold and tourmaline rings - Inez Stodel","robots":{"index":"index","follow":"follow","max-snippet":"max-snippet:-1","max-image-preview":"max-image-preview:large","max-video-preview":"max-video-preview:-1"},"canonical":"https:\/\/inezstodel.com\/en\/collection\/recent-acquisitions\/golden-ringset-with-tourmalines\/","og_locale":"en_US","og_type":"article","og_title":"set of three gold and tourmaline rings - Inez Stodel","og_description":"A set of three 18 carat gold rings. The first with one carr\u00e9 cut green tourmaline, the second with two carr\u00e9 cut tourmalines and the third with three carr\u00e9 cut tourmalines, all set like a kite, They fit in to each other and form a triangle or heart, France. weight: 6.88 gramsringsize: 16.75 mm \/ [...]","og_url":"https:\/\/inezstodel.com\/en\/collection\/recent-acquisitions\/golden-ringset-with-tourmalines\/","og_site_name":"Inez Stodel","og_image":[{"width":900,"height":765,"url":"https:\/\/inezstodel.com\/wp-content\/uploads\/2021\/02\/182_01.jpg","type":"image\/jpeg"}],"twitter_card":"summary_large_image","schema":{"@context":"https:\/\/schema.org","@graph":[{"@type":"WebPage","@id":"https:\/\/inezstodel.com\/en\/collection\/recent-acquisitions\/golden-ringset-with-tourmalines\/","url":"https:\/\/inezstodel.com\/en\/collection\/recent-acquisitions\/golden-ringset-with-tourmalines\/","name":"set of three gold and tourmaline rings - Inez Stodel","isPartOf":{"@id":"https:\/\/inezstodel.com\/#website"},"primaryImageOfPage":{"@id":"https:\/\/inezstodel.com\/en\/collection\/recent-acquisitions\/golden-ringset-with-tourmalines\/#primaryimage"},"image":{"@id":"https:\/\/inezstodel.com\/en\/collection\/recent-acquisitions\/golden-ringset-with-tourmalines\/#primaryimage"},"thumbnailUrl":"https:\/\/inezstodel.com\/wp-content\/uploads\/2021\/02\/182_01.jpg","datePublished":"2021-02-08T21:20:00+00:00","breadcrumb":{"@id":"https:\/\/inezstodel.com\/en\/collection\/recent-acquisitions\/golden-ringset-with-tourmalines\/#breadcrumb"},"inLanguage":"en-US","potentialAction":[{"@type":"ReadAction","target":["https:\/\/inezstodel.com\/en\/collection\/recent-acquisitions\/golden-ringset-with-tourmalines\/"]}]},{"@type":"ImageObject","inLanguage":"en-US","@id":"https:\/\/inezstodel.com\/en\/collection\/recent-acquisitions\/golden-ringset-with-tourmalines\/#primaryimage","url":"https:\/\/inezstodel.com\/wp-content\/uploads\/2021\/02\/182_01.jpg","contentUrl":"https:\/\/inezstodel.com\/wp-content\/uploads\/2021\/02\/182_01.jpg","width":900,"height":765,"caption":"triple gold and tourmaline ring"},{"@type":"BreadcrumbList","@id":"https:\/\/inezstodel.com\/en\/collection\/recent-acquisitions\/golden-ringset-with-tourmalines\/#breadcrumb","itemListElement":[{"@type":"ListItem","position":1,"name":"Home","item":"https:\/\/inezstodel.com\/en\/"},{"@type":"ListItem","position":2,"name":"Collection","item":"https:\/\/inezstodel.com\/en\/collection\/"},{"@type":"ListItem","position":3,"name":"set of three gold and tourmaline rings"}]},{"@type":"WebSite","@id":"https:\/\/inezstodel.com\/#website","url":"https:\/\/inezstodel.com\/","name":"Inez Stodel","description":"period jewellery - antiques","publisher":{"@id":"https:\/\/inezstodel.com\/#organization"},"potentialAction":[{"@type":"SearchAction","target":{"@type":"EntryPoint","urlTemplate":"https:\/\/inezstodel.com\/?s={search_term_string}"},"query-input":{"@type":"PropertyValueSpecification","valueRequired":true,"valueName":"search_term_string"}}],"inLanguage":"en-US"},{"@type":"Organization","@id":"https:\/\/inezstodel.com\/#organization","name":"Inez Stodel","url":"https:\/\/inezstodel.com\/","logo":{"@type":"ImageObject","inLanguage":"en-US","@id":"https:\/\/inezstodel.com\/#\/schema\/logo\/image\/","url":"https:\/\/inezstodel.com\/wp-content\/uploads\/2017\/12\/InezStodel_Logo_jewellery.png","contentUrl":"https:\/\/inezstodel.com\/wp-content\/uploads\/2017\/12\/InezStodel_Logo_jewellery.png","width":232,"height":100,"caption":"Inez Stodel"},"image":{"@id":"https:\/\/inezstodel.com\/#\/schema\/logo\/image\/"}}]}},"_links":{"self":[{"href":"https:\/\/inezstodel.com\/en\/wp-json\/wp\/v2\/product\/15649","targetHints":{"allow":["GET"]}}],"collection":[{"href":"https:\/\/inezstodel.com\/en\/wp-json\/wp\/v2\/product"}],"about":[{"href":"https:\/\/inezstodel.com\/en\/wp-json\/wp\/v2\/types\/product"}],"wp:featuredmedia":[{"embeddable":true,"href":"https:\/\/inezstodel.com\/en\/wp-json\/wp\/v2\/media\/15667"}],"wp:attachment":[{"href":"https:\/\/inezstodel.com\/en\/wp-json\/wp\/v2\/media?parent=15649"}],"wp:term":[{"taxonomy":"product_brand","embeddable":true,"href":"https:\/\/inezstodel.com\/en\/wp-json\/wp\/v2\/product_brand?post=15649"},{"taxonomy":"product_cat","embeddable":true,"href":"https:\/\/inezstodel.com\/en\/wp-json\/wp\/v2\/product_cat?post=15649"},{"taxonomy":"product_tag","embeddable":true,"href":"https:\/\/inezstodel.com\/en\/wp-json\/wp\/v2\/product_tag?post=15649"}],"curies":[{"name":"wp","href":"https:\/\/api.w.org\/{rel}","templated":true}]}}