{"id":22560,"date":"2024-12-30T23:21:50","date_gmt":"2024-12-30T22:21:50","guid":{"rendered":"https:\/\/inezstodel.com\/collectie\/uncategorized\/gold-bracelet-35\/"},"modified":"2025-01-10T14:49:40","modified_gmt":"2025-01-10T13:49:40","slug":"gold-bracelet-35","status":"publish","type":"product","link":"https:\/\/inezstodel.com\/en\/collection\/bracelets\/gold-bracelet-35\/","title":{"rendered":"gold bracelet"},"content":{"rendered":"<p class=\"p1\">An 18 carat gold bracelet knot links of twisted rope, alternated with polished curved links, and invisible clasp with safety flap with French assay marks for 18 carat gold and the French master mark for Ga\u00ebtan de Per\u00e7in.<\/p>\n<p class=\"p1\">Like Georges Lenfant, de Percin&#8217;s workshop specialized in bracelets with avant-garde shapes, playing on materials and motifs. Ga\u00ebtan de Per\u00e7in was one of Herm\u00e8s&#8217; workshops for its various creations.<\/p>\n<p class=\"p1\">weight: 68.9 g<br \/>\nlength: 19 cm<\/p>\n","protected":false},"excerpt":{"rendered":"<p>An 18 carat gold bracelet knot links of twisted rope, alternated with polished curved links, and invisible clasp with safety flap with French assay marks for 18 carat gold and the French master mark for Ga\u00ebtan de Per\u00e7in. Like Georges Lenfant, de Percin&#8217;s workshop specialized in bracelets with avant-garde shapes, playing on materials and motifs. [&#8230;]\n","protected":false},"featured_media":22551,"template":"","meta":{"_monsterinsights_skip_tracking":false,"_monsterinsights_sitenote_active":false,"_monsterinsights_sitenote_note":"","_monsterinsights_sitenote_category":0},"product_cat":[29,33],"product_tag":[],"class_list":{"0":"post-22560","1":"product","2":"type-product","3":"status-publish","4":"has-post-thumbnail","6":"product_cat-bracelets","7":"product_cat-recent-acquisitions","8":"pa_period-1950-1960-1970-en","9":"pa_pricerange-e-10000-e-20000","11":"first","12":"instock","13":"shipping-taxable","14":"product-type-simple"},"yoast_head":"<!-- This site is optimized with the Yoast SEO plugin v24.1 - https:\/\/yoast.com\/wordpress\/plugins\/seo\/ -->\n<title>gold bracelet - Inez Stodel<\/title>\n<meta name=\"robots\" content=\"index, follow, max-snippet:-1, max-image-preview:large, max-video-preview:-1\" \/>\n<link rel=\"canonical\" href=\"https:\/\/inezstodel.com\/en\/collection\/bracelets\/gold-bracelet-35\/\" \/>\n<meta property=\"og:locale\" content=\"en_US\" \/>\n<meta property=\"og:type\" content=\"article\" \/>\n<meta property=\"og:title\" content=\"gold bracelet - Inez Stodel\" \/>\n<meta property=\"og:description\" content=\"An 18 carat gold bracelet knot links of twisted rope, alternated with polished curved links, and invisible clasp with safety flap with French assay marks for 18 carat gold and the French master mark for Ga\u00ebtan de Per\u00e7in. Like Georges Lenfant, de Percin&#8217;s workshop specialized in bracelets with avant-garde shapes, playing on materials and motifs. [...]\" \/>\n<meta property=\"og:url\" content=\"https:\/\/inezstodel.com\/en\/collection\/bracelets\/gold-bracelet-35\/\" \/>\n<meta property=\"og:site_name\" content=\"Inez Stodel\" \/>\n<meta property=\"article:modified_time\" content=\"2025-01-10T13:49:40+00:00\" \/>\n<meta property=\"og:image\" content=\"https:\/\/inezstodel.com\/wp-content\/uploads\/2024\/12\/3-10-24-005.jpg\" \/>\n\t<meta property=\"og:image:width\" content=\"900\" \/>\n\t<meta property=\"og:image:height\" content=\"765\" \/>\n\t<meta property=\"og:image:type\" content=\"image\/jpeg\" \/>\n<meta name=\"twitter:card\" content=\"summary_large_image\" \/>\n<script type=\"application\/ld+json\" class=\"yoast-schema-graph\">{\"@context\":\"https:\/\/schema.org\",\"@graph\":[{\"@type\":\"WebPage\",\"@id\":\"https:\/\/inezstodel.com\/en\/collection\/bracelets\/gold-bracelet-35\/\",\"url\":\"https:\/\/inezstodel.com\/en\/collection\/bracelets\/gold-bracelet-35\/\",\"name\":\"gold bracelet - Inez Stodel\",\"isPartOf\":{\"@id\":\"https:\/\/inezstodel.com\/#website\"},\"primaryImageOfPage\":{\"@id\":\"https:\/\/inezstodel.com\/en\/collection\/bracelets\/gold-bracelet-35\/#primaryimage\"},\"image\":{\"@id\":\"https:\/\/inezstodel.com\/en\/collection\/bracelets\/gold-bracelet-35\/#primaryimage\"},\"thumbnailUrl\":\"https:\/\/inezstodel.com\/wp-content\/uploads\/2024\/12\/3-10-24-005.jpg\",\"datePublished\":\"2024-12-30T22:21:50+00:00\",\"dateModified\":\"2025-01-10T13:49:40+00:00\",\"breadcrumb\":{\"@id\":\"https:\/\/inezstodel.com\/en\/collection\/bracelets\/gold-bracelet-35\/#breadcrumb\"},\"inLanguage\":\"en-US\",\"potentialAction\":[{\"@type\":\"ReadAction\",\"target\":[\"https:\/\/inezstodel.com\/en\/collection\/bracelets\/gold-bracelet-35\/\"]}]},{\"@type\":\"ImageObject\",\"inLanguage\":\"en-US\",\"@id\":\"https:\/\/inezstodel.com\/en\/collection\/bracelets\/gold-bracelet-35\/#primaryimage\",\"url\":\"https:\/\/inezstodel.com\/wp-content\/uploads\/2024\/12\/3-10-24-005.jpg\",\"contentUrl\":\"https:\/\/inezstodel.com\/wp-content\/uploads\/2024\/12\/3-10-24-005.jpg\",\"width\":900,\"height\":765,\"caption\":\"Gaetan de Percin gold bracelet\"},{\"@type\":\"BreadcrumbList\",\"@id\":\"https:\/\/inezstodel.com\/en\/collection\/bracelets\/gold-bracelet-35\/#breadcrumb\",\"itemListElement\":[{\"@type\":\"ListItem\",\"position\":1,\"name\":\"Home\",\"item\":\"https:\/\/inezstodel.com\/en\/\"},{\"@type\":\"ListItem\",\"position\":2,\"name\":\"Collection\",\"item\":\"https:\/\/inezstodel.com\/en\/collection\/\"},{\"@type\":\"ListItem\",\"position\":3,\"name\":\"gold bracelet\"}]},{\"@type\":\"WebSite\",\"@id\":\"https:\/\/inezstodel.com\/#website\",\"url\":\"https:\/\/inezstodel.com\/\",\"name\":\"Inez Stodel\",\"description\":\"period jewellery - antiques\",\"publisher\":{\"@id\":\"https:\/\/inezstodel.com\/#organization\"},\"potentialAction\":[{\"@type\":\"SearchAction\",\"target\":{\"@type\":\"EntryPoint\",\"urlTemplate\":\"https:\/\/inezstodel.com\/?s={search_term_string}\"},\"query-input\":{\"@type\":\"PropertyValueSpecification\",\"valueRequired\":true,\"valueName\":\"search_term_string\"}}],\"inLanguage\":\"en-US\"},{\"@type\":\"Organization\",\"@id\":\"https:\/\/inezstodel.com\/#organization\",\"name\":\"Inez Stodel\",\"url\":\"https:\/\/inezstodel.com\/\",\"logo\":{\"@type\":\"ImageObject\",\"inLanguage\":\"en-US\",\"@id\":\"https:\/\/inezstodel.com\/#\/schema\/logo\/image\/\",\"url\":\"https:\/\/inezstodel.com\/wp-content\/uploads\/2017\/12\/InezStodel_Logo_jewellery.png\",\"contentUrl\":\"https:\/\/inezstodel.com\/wp-content\/uploads\/2017\/12\/InezStodel_Logo_jewellery.png\",\"width\":232,\"height\":100,\"caption\":\"Inez Stodel\"},\"image\":{\"@id\":\"https:\/\/inezstodel.com\/#\/schema\/logo\/image\/\"}}]}<\/script>\n<!-- \/ Yoast SEO plugin. -->","yoast_head_json":{"title":"gold bracelet - Inez Stodel","robots":{"index":"index","follow":"follow","max-snippet":"max-snippet:-1","max-image-preview":"max-image-preview:large","max-video-preview":"max-video-preview:-1"},"canonical":"https:\/\/inezstodel.com\/en\/collection\/bracelets\/gold-bracelet-35\/","og_locale":"en_US","og_type":"article","og_title":"gold bracelet - Inez Stodel","og_description":"An 18 carat gold bracelet knot links of twisted rope, alternated with polished curved links, and invisible clasp with safety flap with French assay marks for 18 carat gold and the French master mark for Ga\u00ebtan de Per\u00e7in. Like Georges Lenfant, de Percin&#8217;s workshop specialized in bracelets with avant-garde shapes, playing on materials and motifs. [...]","og_url":"https:\/\/inezstodel.com\/en\/collection\/bracelets\/gold-bracelet-35\/","og_site_name":"Inez Stodel","article_modified_time":"2025-01-10T13:49:40+00:00","og_image":[{"width":900,"height":765,"url":"https:\/\/inezstodel.com\/wp-content\/uploads\/2024\/12\/3-10-24-005.jpg","type":"image\/jpeg"}],"twitter_card":"summary_large_image","schema":{"@context":"https:\/\/schema.org","@graph":[{"@type":"WebPage","@id":"https:\/\/inezstodel.com\/en\/collection\/bracelets\/gold-bracelet-35\/","url":"https:\/\/inezstodel.com\/en\/collection\/bracelets\/gold-bracelet-35\/","name":"gold bracelet - Inez Stodel","isPartOf":{"@id":"https:\/\/inezstodel.com\/#website"},"primaryImageOfPage":{"@id":"https:\/\/inezstodel.com\/en\/collection\/bracelets\/gold-bracelet-35\/#primaryimage"},"image":{"@id":"https:\/\/inezstodel.com\/en\/collection\/bracelets\/gold-bracelet-35\/#primaryimage"},"thumbnailUrl":"https:\/\/inezstodel.com\/wp-content\/uploads\/2024\/12\/3-10-24-005.jpg","datePublished":"2024-12-30T22:21:50+00:00","dateModified":"2025-01-10T13:49:40+00:00","breadcrumb":{"@id":"https:\/\/inezstodel.com\/en\/collection\/bracelets\/gold-bracelet-35\/#breadcrumb"},"inLanguage":"en-US","potentialAction":[{"@type":"ReadAction","target":["https:\/\/inezstodel.com\/en\/collection\/bracelets\/gold-bracelet-35\/"]}]},{"@type":"ImageObject","inLanguage":"en-US","@id":"https:\/\/inezstodel.com\/en\/collection\/bracelets\/gold-bracelet-35\/#primaryimage","url":"https:\/\/inezstodel.com\/wp-content\/uploads\/2024\/12\/3-10-24-005.jpg","contentUrl":"https:\/\/inezstodel.com\/wp-content\/uploads\/2024\/12\/3-10-24-005.jpg","width":900,"height":765,"caption":"Gaetan de Percin gold bracelet"},{"@type":"BreadcrumbList","@id":"https:\/\/inezstodel.com\/en\/collection\/bracelets\/gold-bracelet-35\/#breadcrumb","itemListElement":[{"@type":"ListItem","position":1,"name":"Home","item":"https:\/\/inezstodel.com\/en\/"},{"@type":"ListItem","position":2,"name":"Collection","item":"https:\/\/inezstodel.com\/en\/collection\/"},{"@type":"ListItem","position":3,"name":"gold bracelet"}]},{"@type":"WebSite","@id":"https:\/\/inezstodel.com\/#website","url":"https:\/\/inezstodel.com\/","name":"Inez Stodel","description":"period jewellery - antiques","publisher":{"@id":"https:\/\/inezstodel.com\/#organization"},"potentialAction":[{"@type":"SearchAction","target":{"@type":"EntryPoint","urlTemplate":"https:\/\/inezstodel.com\/?s={search_term_string}"},"query-input":{"@type":"PropertyValueSpecification","valueRequired":true,"valueName":"search_term_string"}}],"inLanguage":"en-US"},{"@type":"Organization","@id":"https:\/\/inezstodel.com\/#organization","name":"Inez Stodel","url":"https:\/\/inezstodel.com\/","logo":{"@type":"ImageObject","inLanguage":"en-US","@id":"https:\/\/inezstodel.com\/#\/schema\/logo\/image\/","url":"https:\/\/inezstodel.com\/wp-content\/uploads\/2017\/12\/InezStodel_Logo_jewellery.png","contentUrl":"https:\/\/inezstodel.com\/wp-content\/uploads\/2017\/12\/InezStodel_Logo_jewellery.png","width":232,"height":100,"caption":"Inez Stodel"},"image":{"@id":"https:\/\/inezstodel.com\/#\/schema\/logo\/image\/"}}]}},"_links":{"self":[{"href":"https:\/\/inezstodel.com\/en\/wp-json\/wp\/v2\/product\/22560","targetHints":{"allow":["GET"]}}],"collection":[{"href":"https:\/\/inezstodel.com\/en\/wp-json\/wp\/v2\/product"}],"about":[{"href":"https:\/\/inezstodel.com\/en\/wp-json\/wp\/v2\/types\/product"}],"wp:featuredmedia":[{"embeddable":true,"href":"https:\/\/inezstodel.com\/en\/wp-json\/wp\/v2\/media\/22551"}],"wp:attachment":[{"href":"https:\/\/inezstodel.com\/en\/wp-json\/wp\/v2\/media?parent=22560"}],"wp:term":[{"taxonomy":"product_cat","embeddable":true,"href":"https:\/\/inezstodel.com\/en\/wp-json\/wp\/v2\/product_cat?post=22560"},{"taxonomy":"product_tag","embeddable":true,"href":"https:\/\/inezstodel.com\/en\/wp-json\/wp\/v2\/product_tag?post=22560"}],"curies":[{"name":"wp","href":"https:\/\/api.w.org\/{rel}","templated":true}]}}