{"id":23830,"date":"2025-08-30T20:05:15","date_gmt":"2025-08-30T18:05:15","guid":{"rendered":"https:\/\/inezstodel.com\/collectie\/uncategorized\/gold-heart-vinaigrette-locket-with-turquoise\/"},"modified":"2025-08-30T20:05:15","modified_gmt":"2025-08-30T18:05:15","slug":"gold-heart-vinaigrette-locket-with-turquoise","status":"publish","type":"product","link":"https:\/\/inezstodel.com\/en\/collection\/necklaces-pendants\/gold-heart-vinaigrette-locket-with-turquoise\/","title":{"rendered":"gold heart vinaigrette locket with turquoise"},"content":{"rendered":"<p class=\"p1\">An 18k tri-color gold Georgian heart shaped vinaigrette pendant with one locket compartment with flowers and one vinaigrette compartment with an open worked grille, decorated with cannetille and cabochon cut turquoises, circa 1830.<\/p>\n<p class=\"p1\">weight: 11.2 g<br \/>\nheight: 4.1 cm<\/p>\n","protected":false},"excerpt":{"rendered":"<p>An 18k tri-color gold Georgian heart shaped vinaigrette pendant with one locket compartment with flowers and one vinaigrette compartment with an open worked grille, decorated with cannetille and cabochon cut turquoises, circa 1830. weight: 11.2 g height: 4.1 cm<\/p>\n","protected":false},"featured_media":23823,"template":"","meta":{"_monsterinsights_skip_tracking":false,"_monsterinsights_sitenote_active":false,"_monsterinsights_sitenote_note":"","_monsterinsights_sitenote_category":0},"product_brand":[],"product_cat":[31,33],"product_tag":[],"class_list":{"0":"post-23830","1":"product","2":"type-product","3":"status-publish","4":"has-post-thumbnail","6":"product_cat-necklaces-pendants","7":"product_cat-recent-acquisitions","8":"pa_period-georgian-en","9":"pa_pricerange-e-5000-e-10000","11":"first","12":"instock","13":"shipping-taxable","14":"product-type-simple"},"yoast_head":"<!-- This site is optimized with the Yoast SEO plugin v27.4 - https:\/\/yoast.com\/product\/yoast-seo-wordpress\/ -->\n<title>gold heart vinaigrette locket with turquoise - Inez Stodel<\/title>\n<meta name=\"robots\" content=\"index, follow, max-snippet:-1, max-image-preview:large, max-video-preview:-1\" \/>\n<link rel=\"canonical\" href=\"https:\/\/inezstodel.com\/en\/collection\/uncategorized\/gold-heart-vinaigrette-locket-with-turquoise\/\" \/>\n<meta property=\"og:locale\" content=\"en_US\" \/>\n<meta property=\"og:type\" content=\"article\" \/>\n<meta property=\"og:title\" content=\"gold heart vinaigrette locket with turquoise - Inez Stodel\" \/>\n<meta property=\"og:description\" content=\"An 18k tri-color gold Georgian heart shaped vinaigrette pendant with one locket compartment with flowers and one vinaigrette compartment with an open worked grille, decorated with cannetille and cabochon cut turquoises, circa 1830. weight: 11.2 g height: 4.1 cm\" \/>\n<meta property=\"og:url\" content=\"https:\/\/inezstodel.com\/en\/collection\/uncategorized\/gold-heart-vinaigrette-locket-with-turquoise\/\" \/>\n<meta property=\"og:site_name\" content=\"Inez Stodel\" \/>\n<meta property=\"og:image\" content=\"https:\/\/inezstodel.com\/wp-content\/uploads\/2025\/08\/2025-07-11_-284.jpg\" \/>\n\t<meta property=\"og:image:width\" content=\"900\" \/>\n\t<meta property=\"og:image:height\" content=\"765\" \/>\n\t<meta property=\"og:image:type\" content=\"image\/jpeg\" \/>\n<meta name=\"twitter:card\" content=\"summary_large_image\" \/>\n<script type=\"application\/ld+json\" class=\"yoast-schema-graph\">{\"@context\":\"https:\\\/\\\/schema.org\",\"@graph\":[{\"@type\":\"WebPage\",\"@id\":\"https:\\\/\\\/inezstodel.com\\\/en\\\/collection\\\/uncategorized\\\/gold-heart-vinaigrette-locket-with-turquoise\\\/\",\"url\":\"https:\\\/\\\/inezstodel.com\\\/en\\\/collection\\\/uncategorized\\\/gold-heart-vinaigrette-locket-with-turquoise\\\/\",\"name\":\"gold heart vinaigrette locket with turquoise - Inez Stodel\",\"isPartOf\":{\"@id\":\"https:\\\/\\\/inezstodel.com\\\/#website\"},\"primaryImageOfPage\":{\"@id\":\"https:\\\/\\\/inezstodel.com\\\/en\\\/collection\\\/uncategorized\\\/gold-heart-vinaigrette-locket-with-turquoise\\\/#primaryimage\"},\"image\":{\"@id\":\"https:\\\/\\\/inezstodel.com\\\/en\\\/collection\\\/uncategorized\\\/gold-heart-vinaigrette-locket-with-turquoise\\\/#primaryimage\"},\"thumbnailUrl\":\"https:\\\/\\\/inezstodel.com\\\/wp-content\\\/uploads\\\/2025\\\/08\\\/2025-07-11_-284.jpg\",\"datePublished\":\"2025-08-30T18:05:15+00:00\",\"breadcrumb\":{\"@id\":\"https:\\\/\\\/inezstodel.com\\\/en\\\/collection\\\/uncategorized\\\/gold-heart-vinaigrette-locket-with-turquoise\\\/#breadcrumb\"},\"inLanguage\":\"en-US\",\"potentialAction\":[{\"@type\":\"ReadAction\",\"target\":[\"https:\\\/\\\/inezstodel.com\\\/en\\\/collection\\\/uncategorized\\\/gold-heart-vinaigrette-locket-with-turquoise\\\/\"]}]},{\"@type\":\"ImageObject\",\"inLanguage\":\"en-US\",\"@id\":\"https:\\\/\\\/inezstodel.com\\\/en\\\/collection\\\/uncategorized\\\/gold-heart-vinaigrette-locket-with-turquoise\\\/#primaryimage\",\"url\":\"https:\\\/\\\/inezstodel.com\\\/wp-content\\\/uploads\\\/2025\\\/08\\\/2025-07-11_-284.jpg\",\"contentUrl\":\"https:\\\/\\\/inezstodel.com\\\/wp-content\\\/uploads\\\/2025\\\/08\\\/2025-07-11_-284.jpg\",\"width\":900,\"height\":765,\"caption\":\"Een Georgian 18-karaats tri-color gouden en hartvormige vinaigrette hanger met \u00e9\u00e9n medaillon compartiment met bloemen en \u00e9\u00e9n vinaigrette compartiment met een opengewerkt rooster, versierd met cabochon geslepen turkooizen,circa 1830. gewicht: 11.2 ghoogte: 4.1 cm\"},{\"@type\":\"BreadcrumbList\",\"@id\":\"https:\\\/\\\/inezstodel.com\\\/en\\\/collection\\\/uncategorized\\\/gold-heart-vinaigrette-locket-with-turquoise\\\/#breadcrumb\",\"itemListElement\":[{\"@type\":\"ListItem\",\"position\":1,\"name\":\"Home\",\"item\":\"https:\\\/\\\/inezstodel.com\\\/en\\\/\"},{\"@type\":\"ListItem\",\"position\":2,\"name\":\"Collection\",\"item\":\"https:\\\/\\\/inezstodel.com\\\/en\\\/collection\\\/\"},{\"@type\":\"ListItem\",\"position\":3,\"name\":\"gold heart vinaigrette locket with turquoise\"}]},{\"@type\":\"WebSite\",\"@id\":\"https:\\\/\\\/inezstodel.com\\\/#website\",\"url\":\"https:\\\/\\\/inezstodel.com\\\/\",\"name\":\"Inez Stodel\",\"description\":\"period jewellery - antiques\",\"publisher\":{\"@id\":\"https:\\\/\\\/inezstodel.com\\\/#organization\"},\"potentialAction\":[{\"@type\":\"SearchAction\",\"target\":{\"@type\":\"EntryPoint\",\"urlTemplate\":\"https:\\\/\\\/inezstodel.com\\\/?s={search_term_string}\"},\"query-input\":{\"@type\":\"PropertyValueSpecification\",\"valueRequired\":true,\"valueName\":\"search_term_string\"}}],\"inLanguage\":\"en-US\"},{\"@type\":\"Organization\",\"@id\":\"https:\\\/\\\/inezstodel.com\\\/#organization\",\"name\":\"Inez Stodel\",\"url\":\"https:\\\/\\\/inezstodel.com\\\/\",\"logo\":{\"@type\":\"ImageObject\",\"inLanguage\":\"en-US\",\"@id\":\"https:\\\/\\\/inezstodel.com\\\/#\\\/schema\\\/logo\\\/image\\\/\",\"url\":\"https:\\\/\\\/inezstodel.com\\\/wp-content\\\/uploads\\\/2017\\\/12\\\/InezStodel_Logo_jewellery.png\",\"contentUrl\":\"https:\\\/\\\/inezstodel.com\\\/wp-content\\\/uploads\\\/2017\\\/12\\\/InezStodel_Logo_jewellery.png\",\"width\":232,\"height\":100,\"caption\":\"Inez Stodel\"},\"image\":{\"@id\":\"https:\\\/\\\/inezstodel.com\\\/#\\\/schema\\\/logo\\\/image\\\/\"}}]}<\/script>\n<!-- \/ Yoast SEO plugin. -->","yoast_head_json":{"title":"gold heart vinaigrette locket with turquoise - Inez Stodel","robots":{"index":"index","follow":"follow","max-snippet":"max-snippet:-1","max-image-preview":"max-image-preview:large","max-video-preview":"max-video-preview:-1"},"canonical":"https:\/\/inezstodel.com\/en\/collection\/uncategorized\/gold-heart-vinaigrette-locket-with-turquoise\/","og_locale":"en_US","og_type":"article","og_title":"gold heart vinaigrette locket with turquoise - Inez Stodel","og_description":"An 18k tri-color gold Georgian heart shaped vinaigrette pendant with one locket compartment with flowers and one vinaigrette compartment with an open worked grille, decorated with cannetille and cabochon cut turquoises, circa 1830. weight: 11.2 g height: 4.1 cm","og_url":"https:\/\/inezstodel.com\/en\/collection\/uncategorized\/gold-heart-vinaigrette-locket-with-turquoise\/","og_site_name":"Inez Stodel","og_image":[{"width":900,"height":765,"url":"https:\/\/inezstodel.com\/wp-content\/uploads\/2025\/08\/2025-07-11_-284.jpg","type":"image\/jpeg"}],"twitter_card":"summary_large_image","schema":{"@context":"https:\/\/schema.org","@graph":[{"@type":"WebPage","@id":"https:\/\/inezstodel.com\/en\/collection\/uncategorized\/gold-heart-vinaigrette-locket-with-turquoise\/","url":"https:\/\/inezstodel.com\/en\/collection\/uncategorized\/gold-heart-vinaigrette-locket-with-turquoise\/","name":"gold heart vinaigrette locket with turquoise - Inez Stodel","isPartOf":{"@id":"https:\/\/inezstodel.com\/#website"},"primaryImageOfPage":{"@id":"https:\/\/inezstodel.com\/en\/collection\/uncategorized\/gold-heart-vinaigrette-locket-with-turquoise\/#primaryimage"},"image":{"@id":"https:\/\/inezstodel.com\/en\/collection\/uncategorized\/gold-heart-vinaigrette-locket-with-turquoise\/#primaryimage"},"thumbnailUrl":"https:\/\/inezstodel.com\/wp-content\/uploads\/2025\/08\/2025-07-11_-284.jpg","datePublished":"2025-08-30T18:05:15+00:00","breadcrumb":{"@id":"https:\/\/inezstodel.com\/en\/collection\/uncategorized\/gold-heart-vinaigrette-locket-with-turquoise\/#breadcrumb"},"inLanguage":"en-US","potentialAction":[{"@type":"ReadAction","target":["https:\/\/inezstodel.com\/en\/collection\/uncategorized\/gold-heart-vinaigrette-locket-with-turquoise\/"]}]},{"@type":"ImageObject","inLanguage":"en-US","@id":"https:\/\/inezstodel.com\/en\/collection\/uncategorized\/gold-heart-vinaigrette-locket-with-turquoise\/#primaryimage","url":"https:\/\/inezstodel.com\/wp-content\/uploads\/2025\/08\/2025-07-11_-284.jpg","contentUrl":"https:\/\/inezstodel.com\/wp-content\/uploads\/2025\/08\/2025-07-11_-284.jpg","width":900,"height":765,"caption":"Een Georgian 18-karaats tri-color gouden en hartvormige vinaigrette hanger met \u00e9\u00e9n medaillon compartiment met bloemen en \u00e9\u00e9n vinaigrette compartiment met een opengewerkt rooster, versierd met cabochon geslepen turkooizen,circa 1830. gewicht: 11.2 ghoogte: 4.1 cm"},{"@type":"BreadcrumbList","@id":"https:\/\/inezstodel.com\/en\/collection\/uncategorized\/gold-heart-vinaigrette-locket-with-turquoise\/#breadcrumb","itemListElement":[{"@type":"ListItem","position":1,"name":"Home","item":"https:\/\/inezstodel.com\/en\/"},{"@type":"ListItem","position":2,"name":"Collection","item":"https:\/\/inezstodel.com\/en\/collection\/"},{"@type":"ListItem","position":3,"name":"gold heart vinaigrette locket with turquoise"}]},{"@type":"WebSite","@id":"https:\/\/inezstodel.com\/#website","url":"https:\/\/inezstodel.com\/","name":"Inez Stodel","description":"period jewellery - antiques","publisher":{"@id":"https:\/\/inezstodel.com\/#organization"},"potentialAction":[{"@type":"SearchAction","target":{"@type":"EntryPoint","urlTemplate":"https:\/\/inezstodel.com\/?s={search_term_string}"},"query-input":{"@type":"PropertyValueSpecification","valueRequired":true,"valueName":"search_term_string"}}],"inLanguage":"en-US"},{"@type":"Organization","@id":"https:\/\/inezstodel.com\/#organization","name":"Inez Stodel","url":"https:\/\/inezstodel.com\/","logo":{"@type":"ImageObject","inLanguage":"en-US","@id":"https:\/\/inezstodel.com\/#\/schema\/logo\/image\/","url":"https:\/\/inezstodel.com\/wp-content\/uploads\/2017\/12\/InezStodel_Logo_jewellery.png","contentUrl":"https:\/\/inezstodel.com\/wp-content\/uploads\/2017\/12\/InezStodel_Logo_jewellery.png","width":232,"height":100,"caption":"Inez Stodel"},"image":{"@id":"https:\/\/inezstodel.com\/#\/schema\/logo\/image\/"}}]}},"_links":{"self":[{"href":"https:\/\/inezstodel.com\/en\/wp-json\/wp\/v2\/product\/23830","targetHints":{"allow":["GET"]}}],"collection":[{"href":"https:\/\/inezstodel.com\/en\/wp-json\/wp\/v2\/product"}],"about":[{"href":"https:\/\/inezstodel.com\/en\/wp-json\/wp\/v2\/types\/product"}],"wp:featuredmedia":[{"embeddable":true,"href":"https:\/\/inezstodel.com\/en\/wp-json\/wp\/v2\/media\/23823"}],"wp:attachment":[{"href":"https:\/\/inezstodel.com\/en\/wp-json\/wp\/v2\/media?parent=23830"}],"wp:term":[{"taxonomy":"product_brand","embeddable":true,"href":"https:\/\/inezstodel.com\/en\/wp-json\/wp\/v2\/product_brand?post=23830"},{"taxonomy":"product_cat","embeddable":true,"href":"https:\/\/inezstodel.com\/en\/wp-json\/wp\/v2\/product_cat?post=23830"},{"taxonomy":"product_tag","embeddable":true,"href":"https:\/\/inezstodel.com\/en\/wp-json\/wp\/v2\/product_tag?post=23830"}],"curies":[{"name":"wp","href":"https:\/\/api.w.org\/{rel}","templated":true}]}}