{"id":8085,"date":"2017-11-21T17:21:52","date_gmt":"2017-11-21T16:21:52","guid":{"rendered":"https:\/\/inezstodel.com\/collectie\/niet-gecategoriseerd\/clementine-falizes-watch\/"},"modified":"2017-12-14T13:32:19","modified_gmt":"2017-12-14T12:32:19","slug":"clementine-falizes-watch","status":"publish","type":"product","link":"https:\/\/inezstodel.com\/en\/collection\/objets-de-vertu-en\/clementine-falizes-watch\/","title":{"rendered":"Cl\u00e9m\u00e8ntine Falize&#8217;s watch"},"content":{"rendered":"<p>A yellow and pink 18 carat gold watch. The gold is chased, and the watch bears the monogram CF with holly leaves and berries. Signed: &#8216;Len Falize \u00e0 Paris&#8217; and numbered: 20447. CF are the initials of Cl\u00e9m\u00e8ntine Falize, Lucien Falize\u2019s wife. Lucien made this watch for her on the occasion of their marriage on 28 April 1871. His three sons, Andre, Jean and Pierre, as Falize Fr\u00e8res, succeeded Lucien. <\/p>\n<p>The watch has a chronometer compensation balance and is signed by Jean Daniel Martin &#038; Fils (1869-1900), Fabricant et Marchands d&#8217;Horlogerie, Place Chevelu 25, Gen\u00e8ve. It has a white enamel dial.<\/p>\n<p>Diameter: 3 cm.?<br \/>\nHeight: 4.7 cm.<\/p>\n","protected":false},"excerpt":{"rendered":"<p>A yellow and pink 18 carat gold watch. The gold is chased, and the watch bears the monogram CF with holly leaves and berries. Signed: &#8216;Len Falize \u00e0 Paris&#8217; and numbered: 20447. CF are the initials of Cl\u00e9m\u00e8ntine Falize, Lucien Falize\u2019s wife. Lucien made this watch for her on the occasion of their marriage on [&#8230;]\n","protected":false},"featured_media":459,"template":"","meta":{"_monsterinsights_skip_tracking":false,"_monsterinsights_sitenote_active":false,"_monsterinsights_sitenote_note":"","_monsterinsights_sitenote_category":0},"product_brand":[],"product_cat":[34],"product_tag":[],"class_list":{"0":"post-8085","1":"product","2":"type-product","3":"status-publish","4":"has-post-thumbnail","6":"product_cat-objets-de-vertu-en","7":"pa_maker-lucien-falize-jean-daniel-martin-en","8":"pa_period-victorian-en","9":"pa_pricerange-e-5000-e-10000","11":"first","12":"instock","13":"product-type-simple"},"yoast_head":"<!-- This site is optimized with the Yoast SEO plugin v27.4 - https:\/\/yoast.com\/product\/yoast-seo-wordpress\/ -->\n<title>Cl\u00e9m\u00e8ntine Falize&#039;s watch - Inez Stodel<\/title>\n<meta name=\"robots\" content=\"index, follow, max-snippet:-1, max-image-preview:large, max-video-preview:-1\" \/>\n<link rel=\"canonical\" href=\"https:\/\/inezstodel.com\/en\/collection\/objets-de-vertu-en\/clementine-falizes-watch\/\" \/>\n<meta property=\"og:locale\" content=\"en_US\" \/>\n<meta property=\"og:type\" content=\"article\" \/>\n<meta property=\"og:title\" content=\"Cl\u00e9m\u00e8ntine Falize&#039;s watch - Inez Stodel\" \/>\n<meta property=\"og:description\" content=\"A yellow and pink 18 carat gold watch. The gold is chased, and the watch bears the monogram CF with holly leaves and berries. Signed: &#8216;Len Falize \u00e0 Paris&#8217; and numbered: 20447. CF are the initials of Cl\u00e9m\u00e8ntine Falize, Lucien Falize\u2019s wife. Lucien made this watch for her on the occasion of their marriage on [...]\" \/>\n<meta property=\"og:url\" content=\"https:\/\/inezstodel.com\/en\/collection\/objets-de-vertu-en\/clementine-falizes-watch\/\" \/>\n<meta property=\"og:site_name\" content=\"Inez Stodel\" \/>\n<meta property=\"article:modified_time\" content=\"2017-12-14T12:32:19+00:00\" \/>\n<meta property=\"og:image\" content=\"https:\/\/inezstodel.com\/wp-content\/uploads\/2017\/07\/138www_falizehorloge.jpg\" \/>\n\t<meta property=\"og:image:width\" content=\"900\" \/>\n\t<meta property=\"og:image:height\" content=\"765\" \/>\n\t<meta property=\"og:image:type\" content=\"image\/jpeg\" \/>\n<meta name=\"twitter:card\" content=\"summary_large_image\" \/>\n<meta name=\"twitter:label1\" content=\"Est. reading time\" \/>\n\t<meta name=\"twitter:data1\" content=\"1 minute\" \/>\n<script type=\"application\/ld+json\" class=\"yoast-schema-graph\">{\"@context\":\"https:\\\/\\\/schema.org\",\"@graph\":[{\"@type\":\"WebPage\",\"@id\":\"https:\\\/\\\/inezstodel.com\\\/en\\\/collection\\\/objets-de-vertu-en\\\/clementine-falizes-watch\\\/\",\"url\":\"https:\\\/\\\/inezstodel.com\\\/en\\\/collection\\\/objets-de-vertu-en\\\/clementine-falizes-watch\\\/\",\"name\":\"Cl\u00e9m\u00e8ntine Falize's watch - Inez Stodel\",\"isPartOf\":{\"@id\":\"https:\\\/\\\/inezstodel.com\\\/#website\"},\"primaryImageOfPage\":{\"@id\":\"https:\\\/\\\/inezstodel.com\\\/en\\\/collection\\\/objets-de-vertu-en\\\/clementine-falizes-watch\\\/#primaryimage\"},\"image\":{\"@id\":\"https:\\\/\\\/inezstodel.com\\\/en\\\/collection\\\/objets-de-vertu-en\\\/clementine-falizes-watch\\\/#primaryimage\"},\"thumbnailUrl\":\"https:\\\/\\\/inezstodel.com\\\/wp-content\\\/uploads\\\/2017\\\/07\\\/138www_falizehorloge.jpg\",\"datePublished\":\"2017-11-21T16:21:52+00:00\",\"dateModified\":\"2017-12-14T12:32:19+00:00\",\"breadcrumb\":{\"@id\":\"https:\\\/\\\/inezstodel.com\\\/en\\\/collection\\\/objets-de-vertu-en\\\/clementine-falizes-watch\\\/#breadcrumb\"},\"inLanguage\":\"en-US\",\"potentialAction\":[{\"@type\":\"ReadAction\",\"target\":[\"https:\\\/\\\/inezstodel.com\\\/en\\\/collection\\\/objets-de-vertu-en\\\/clementine-falizes-watch\\\/\"]}]},{\"@type\":\"ImageObject\",\"inLanguage\":\"en-US\",\"@id\":\"https:\\\/\\\/inezstodel.com\\\/en\\\/collection\\\/objets-de-vertu-en\\\/clementine-falizes-watch\\\/#primaryimage\",\"url\":\"https:\\\/\\\/inezstodel.com\\\/wp-content\\\/uploads\\\/2017\\\/07\\\/138www_falizehorloge.jpg\",\"contentUrl\":\"https:\\\/\\\/inezstodel.com\\\/wp-content\\\/uploads\\\/2017\\\/07\\\/138www_falizehorloge.jpg\",\"width\":900,\"height\":765,\"caption\":\"Cl\u00e9m\u00e8ntine Falize's watch\"},{\"@type\":\"BreadcrumbList\",\"@id\":\"https:\\\/\\\/inezstodel.com\\\/en\\\/collection\\\/objets-de-vertu-en\\\/clementine-falizes-watch\\\/#breadcrumb\",\"itemListElement\":[{\"@type\":\"ListItem\",\"position\":1,\"name\":\"Home\",\"item\":\"https:\\\/\\\/inezstodel.com\\\/en\\\/\"},{\"@type\":\"ListItem\",\"position\":2,\"name\":\"Collection\",\"item\":\"https:\\\/\\\/inezstodel.com\\\/en\\\/collection\\\/\"},{\"@type\":\"ListItem\",\"position\":3,\"name\":\"Cl\u00e9m\u00e8ntine Falize&#8217;s watch\"}]},{\"@type\":\"WebSite\",\"@id\":\"https:\\\/\\\/inezstodel.com\\\/#website\",\"url\":\"https:\\\/\\\/inezstodel.com\\\/\",\"name\":\"Inez Stodel\",\"description\":\"period jewellery - antiques\",\"publisher\":{\"@id\":\"https:\\\/\\\/inezstodel.com\\\/#organization\"},\"potentialAction\":[{\"@type\":\"SearchAction\",\"target\":{\"@type\":\"EntryPoint\",\"urlTemplate\":\"https:\\\/\\\/inezstodel.com\\\/?s={search_term_string}\"},\"query-input\":{\"@type\":\"PropertyValueSpecification\",\"valueRequired\":true,\"valueName\":\"search_term_string\"}}],\"inLanguage\":\"en-US\"},{\"@type\":\"Organization\",\"@id\":\"https:\\\/\\\/inezstodel.com\\\/#organization\",\"name\":\"Inez Stodel\",\"url\":\"https:\\\/\\\/inezstodel.com\\\/\",\"logo\":{\"@type\":\"ImageObject\",\"inLanguage\":\"en-US\",\"@id\":\"https:\\\/\\\/inezstodel.com\\\/#\\\/schema\\\/logo\\\/image\\\/\",\"url\":\"https:\\\/\\\/inezstodel.com\\\/wp-content\\\/uploads\\\/2017\\\/12\\\/InezStodel_Logo_jewellery.png\",\"contentUrl\":\"https:\\\/\\\/inezstodel.com\\\/wp-content\\\/uploads\\\/2017\\\/12\\\/InezStodel_Logo_jewellery.png\",\"width\":232,\"height\":100,\"caption\":\"Inez Stodel\"},\"image\":{\"@id\":\"https:\\\/\\\/inezstodel.com\\\/#\\\/schema\\\/logo\\\/image\\\/\"}}]}<\/script>\n<!-- \/ Yoast SEO plugin. -->","yoast_head_json":{"title":"Cl\u00e9m\u00e8ntine Falize's watch - Inez Stodel","robots":{"index":"index","follow":"follow","max-snippet":"max-snippet:-1","max-image-preview":"max-image-preview:large","max-video-preview":"max-video-preview:-1"},"canonical":"https:\/\/inezstodel.com\/en\/collection\/objets-de-vertu-en\/clementine-falizes-watch\/","og_locale":"en_US","og_type":"article","og_title":"Cl\u00e9m\u00e8ntine Falize's watch - Inez Stodel","og_description":"A yellow and pink 18 carat gold watch. The gold is chased, and the watch bears the monogram CF with holly leaves and berries. Signed: &#8216;Len Falize \u00e0 Paris&#8217; and numbered: 20447. CF are the initials of Cl\u00e9m\u00e8ntine Falize, Lucien Falize\u2019s wife. Lucien made this watch for her on the occasion of their marriage on [...]","og_url":"https:\/\/inezstodel.com\/en\/collection\/objets-de-vertu-en\/clementine-falizes-watch\/","og_site_name":"Inez Stodel","article_modified_time":"2017-12-14T12:32:19+00:00","og_image":[{"width":900,"height":765,"url":"https:\/\/inezstodel.com\/wp-content\/uploads\/2017\/07\/138www_falizehorloge.jpg","type":"image\/jpeg"}],"twitter_card":"summary_large_image","twitter_misc":{"Est. reading time":"1 minute"},"schema":{"@context":"https:\/\/schema.org","@graph":[{"@type":"WebPage","@id":"https:\/\/inezstodel.com\/en\/collection\/objets-de-vertu-en\/clementine-falizes-watch\/","url":"https:\/\/inezstodel.com\/en\/collection\/objets-de-vertu-en\/clementine-falizes-watch\/","name":"Cl\u00e9m\u00e8ntine Falize's watch - Inez Stodel","isPartOf":{"@id":"https:\/\/inezstodel.com\/#website"},"primaryImageOfPage":{"@id":"https:\/\/inezstodel.com\/en\/collection\/objets-de-vertu-en\/clementine-falizes-watch\/#primaryimage"},"image":{"@id":"https:\/\/inezstodel.com\/en\/collection\/objets-de-vertu-en\/clementine-falizes-watch\/#primaryimage"},"thumbnailUrl":"https:\/\/inezstodel.com\/wp-content\/uploads\/2017\/07\/138www_falizehorloge.jpg","datePublished":"2017-11-21T16:21:52+00:00","dateModified":"2017-12-14T12:32:19+00:00","breadcrumb":{"@id":"https:\/\/inezstodel.com\/en\/collection\/objets-de-vertu-en\/clementine-falizes-watch\/#breadcrumb"},"inLanguage":"en-US","potentialAction":[{"@type":"ReadAction","target":["https:\/\/inezstodel.com\/en\/collection\/objets-de-vertu-en\/clementine-falizes-watch\/"]}]},{"@type":"ImageObject","inLanguage":"en-US","@id":"https:\/\/inezstodel.com\/en\/collection\/objets-de-vertu-en\/clementine-falizes-watch\/#primaryimage","url":"https:\/\/inezstodel.com\/wp-content\/uploads\/2017\/07\/138www_falizehorloge.jpg","contentUrl":"https:\/\/inezstodel.com\/wp-content\/uploads\/2017\/07\/138www_falizehorloge.jpg","width":900,"height":765,"caption":"Cl\u00e9m\u00e8ntine Falize's watch"},{"@type":"BreadcrumbList","@id":"https:\/\/inezstodel.com\/en\/collection\/objets-de-vertu-en\/clementine-falizes-watch\/#breadcrumb","itemListElement":[{"@type":"ListItem","position":1,"name":"Home","item":"https:\/\/inezstodel.com\/en\/"},{"@type":"ListItem","position":2,"name":"Collection","item":"https:\/\/inezstodel.com\/en\/collection\/"},{"@type":"ListItem","position":3,"name":"Cl\u00e9m\u00e8ntine Falize&#8217;s watch"}]},{"@type":"WebSite","@id":"https:\/\/inezstodel.com\/#website","url":"https:\/\/inezstodel.com\/","name":"Inez Stodel","description":"period jewellery - antiques","publisher":{"@id":"https:\/\/inezstodel.com\/#organization"},"potentialAction":[{"@type":"SearchAction","target":{"@type":"EntryPoint","urlTemplate":"https:\/\/inezstodel.com\/?s={search_term_string}"},"query-input":{"@type":"PropertyValueSpecification","valueRequired":true,"valueName":"search_term_string"}}],"inLanguage":"en-US"},{"@type":"Organization","@id":"https:\/\/inezstodel.com\/#organization","name":"Inez Stodel","url":"https:\/\/inezstodel.com\/","logo":{"@type":"ImageObject","inLanguage":"en-US","@id":"https:\/\/inezstodel.com\/#\/schema\/logo\/image\/","url":"https:\/\/inezstodel.com\/wp-content\/uploads\/2017\/12\/InezStodel_Logo_jewellery.png","contentUrl":"https:\/\/inezstodel.com\/wp-content\/uploads\/2017\/12\/InezStodel_Logo_jewellery.png","width":232,"height":100,"caption":"Inez Stodel"},"image":{"@id":"https:\/\/inezstodel.com\/#\/schema\/logo\/image\/"}}]}},"_links":{"self":[{"href":"https:\/\/inezstodel.com\/en\/wp-json\/wp\/v2\/product\/8085","targetHints":{"allow":["GET"]}}],"collection":[{"href":"https:\/\/inezstodel.com\/en\/wp-json\/wp\/v2\/product"}],"about":[{"href":"https:\/\/inezstodel.com\/en\/wp-json\/wp\/v2\/types\/product"}],"wp:featuredmedia":[{"embeddable":true,"href":"https:\/\/inezstodel.com\/en\/wp-json\/wp\/v2\/media\/459"}],"wp:attachment":[{"href":"https:\/\/inezstodel.com\/en\/wp-json\/wp\/v2\/media?parent=8085"}],"wp:term":[{"taxonomy":"product_brand","embeddable":true,"href":"https:\/\/inezstodel.com\/en\/wp-json\/wp\/v2\/product_brand?post=8085"},{"taxonomy":"product_cat","embeddable":true,"href":"https:\/\/inezstodel.com\/en\/wp-json\/wp\/v2\/product_cat?post=8085"},{"taxonomy":"product_tag","embeddable":true,"href":"https:\/\/inezstodel.com\/en\/wp-json\/wp\/v2\/product_tag?post=8085"}],"curies":[{"name":"wp","href":"https:\/\/api.w.org\/{rel}","templated":true}]}}