{"id":8378,"date":"2017-11-21T16:53:45","date_gmt":"2017-11-21T16:29:52","guid":{"rendered":"https:\/\/inezstodel.com\/collectie\/niet-gecategoriseerd\/cyrano-de-bergerac\/"},"modified":"2017-12-14T13:39:38","modified_gmt":"2017-12-14T12:39:38","slug":"cyrano-de-bergerac","status":"publish","type":"product","link":"https:\/\/inezstodel.com\/en\/collection\/necklaces-pendants\/cyrano-de-bergerac\/","title":{"rendered":"Cyrano de Bergerac"},"content":{"rendered":"<p>An 18 carat gold Art Nouveau medaille bijou representing Cyrano de Bergerac, the main character from the play by Edmond Rostand (1868-1918), a soldier and poet who loves his cousin Roxane but only courts her through Christian de Neuvillette, a soldier in his unit, who is loved by Roxane, together Christian and Cyrano are the perfect lover; smart and good looking, the mascerade ends in tragedy, signed: F. Rasumny, monogrammed: PM, France, circa 1900. <\/p>\n<p>Felix Rasumny (1869-1940) was a Russian engraver, born in Sebastopol,  who emigrated to France. He trained at the Ecole des Arts Decoratifs under masters as Millet, Gauthier and Tasset. Felix regularly exhibited, including at the Salon of the Soci\u00e9t\u00e9 des Artistes Francais 1891 and at the Exposition Universelle 1900 (silver medal). He became a member of the Soci\u00e9t\u00e9 Nationale des Beaux-Arts in 1911 and was made Chevalier of the Legion of Honor in 1933.<\/p>\n<p>His work includes; the massive cast iron maquette celebrating the opening of Pont Alexandre III for the 1900 Paris Exposition Universelle as well as being commissioned to design medals, jewellery, medallions and the 1929 10 francs coin.<\/p>\n<p>Literature: cf. Art Nouveau Jewelry Vivienne Becker 1985, p.231 &#038; 236<br \/>\nArt Nouveau, The French Aesthetic<br \/>\nVictor Arwas, 2002, pp. 363 &#038; 364<br \/>\nE. Benezit, Dictionnaire des Peintres, Sculpteurs Dessinateurs et Graveurs, vol.7.<\/p>\n","protected":false},"excerpt":{"rendered":"<p>An 18 carat gold Art Nouveau medaille bijou representing Cyrano de Bergerac, the main character from the play by Edmond Rostand (1868-1918), a soldier and poet who loves his cousin Roxane but only courts her through Christian de Neuvillette, a soldier in his unit, who is loved by Roxane, together Christian and Cyrano are the [&#8230;]\n","protected":false},"featured_media":3279,"template":"","meta":{"_monsterinsights_skip_tracking":false,"_monsterinsights_sitenote_active":false,"_monsterinsights_sitenote_note":"","_monsterinsights_sitenote_category":0},"product_cat":[31,345],"product_tag":[],"class_list":{"0":"post-8378","1":"product","2":"type-product","3":"status-publish","4":"has-post-thumbnail","6":"product_cat-necklaces-pendants","7":"product_cat-sold","8":"pa_maker-f-rasumny-en","9":"pa_period-art-nouveau-en","10":"pa_pricerange-e-1000-e-2500","12":"first","13":"instock","14":"product-type-simple"},"yoast_head":"<!-- This site is optimized with the Yoast SEO plugin v24.1 - https:\/\/yoast.com\/wordpress\/plugins\/seo\/ -->\n<title>Cyrano de Bergerac - Inez Stodel<\/title>\n<meta name=\"robots\" content=\"index, follow, max-snippet:-1, max-image-preview:large, max-video-preview:-1\" \/>\n<link rel=\"canonical\" href=\"https:\/\/inezstodel.com\/en\/collection\/necklaces-pendants\/cyrano-de-bergerac\/\" \/>\n<meta property=\"og:locale\" content=\"en_US\" \/>\n<meta property=\"og:type\" content=\"article\" \/>\n<meta property=\"og:title\" content=\"Cyrano de Bergerac - Inez Stodel\" \/>\n<meta property=\"og:description\" content=\"An 18 carat gold Art Nouveau medaille bijou representing Cyrano de Bergerac, the main character from the play by Edmond Rostand (1868-1918), a soldier and poet who loves his cousin Roxane but only courts her through Christian de Neuvillette, a soldier in his unit, who is loved by Roxane, together Christian and Cyrano are the [...]\" \/>\n<meta property=\"og:url\" content=\"https:\/\/inezstodel.com\/en\/collection\/necklaces-pendants\/cyrano-de-bergerac\/\" \/>\n<meta property=\"og:site_name\" content=\"Inez Stodel\" \/>\n<meta property=\"article:modified_time\" content=\"2017-12-14T12:39:38+00:00\" \/>\n<meta property=\"og:image\" content=\"https:\/\/inezstodel.com\/wp-content\/uploads\/2017\/07\/670www_RASUMNY_Cyrano4.jpg\" \/>\n\t<meta property=\"og:image:width\" content=\"900\" \/>\n\t<meta property=\"og:image:height\" content=\"765\" \/>\n\t<meta property=\"og:image:type\" content=\"image\/jpeg\" \/>\n<meta name=\"twitter:card\" content=\"summary_large_image\" \/>\n<meta name=\"twitter:label1\" content=\"Est. reading time\" \/>\n\t<meta name=\"twitter:data1\" content=\"1 minute\" \/>\n<script type=\"application\/ld+json\" class=\"yoast-schema-graph\">{\"@context\":\"https:\/\/schema.org\",\"@graph\":[{\"@type\":\"WebPage\",\"@id\":\"https:\/\/inezstodel.com\/en\/collection\/necklaces-pendants\/cyrano-de-bergerac\/\",\"url\":\"https:\/\/inezstodel.com\/en\/collection\/necklaces-pendants\/cyrano-de-bergerac\/\",\"name\":\"Cyrano de Bergerac - Inez Stodel\",\"isPartOf\":{\"@id\":\"https:\/\/inezstodel.com\/#website\"},\"primaryImageOfPage\":{\"@id\":\"https:\/\/inezstodel.com\/en\/collection\/necklaces-pendants\/cyrano-de-bergerac\/#primaryimage\"},\"image\":{\"@id\":\"https:\/\/inezstodel.com\/en\/collection\/necklaces-pendants\/cyrano-de-bergerac\/#primaryimage\"},\"thumbnailUrl\":\"https:\/\/inezstodel.com\/wp-content\/uploads\/2017\/07\/670www_RASUMNY_Cyrano4.jpg\",\"datePublished\":\"2017-11-21T16:29:52+00:00\",\"dateModified\":\"2017-12-14T12:39:38+00:00\",\"breadcrumb\":{\"@id\":\"https:\/\/inezstodel.com\/en\/collection\/necklaces-pendants\/cyrano-de-bergerac\/#breadcrumb\"},\"inLanguage\":\"en-US\",\"potentialAction\":[{\"@type\":\"ReadAction\",\"target\":[\"https:\/\/inezstodel.com\/en\/collection\/necklaces-pendants\/cyrano-de-bergerac\/\"]}]},{\"@type\":\"ImageObject\",\"inLanguage\":\"en-US\",\"@id\":\"https:\/\/inezstodel.com\/en\/collection\/necklaces-pendants\/cyrano-de-bergerac\/#primaryimage\",\"url\":\"https:\/\/inezstodel.com\/wp-content\/uploads\/2017\/07\/670www_RASUMNY_Cyrano4.jpg\",\"contentUrl\":\"https:\/\/inezstodel.com\/wp-content\/uploads\/2017\/07\/670www_RASUMNY_Cyrano4.jpg\",\"width\":900,\"height\":765},{\"@type\":\"BreadcrumbList\",\"@id\":\"https:\/\/inezstodel.com\/en\/collection\/necklaces-pendants\/cyrano-de-bergerac\/#breadcrumb\",\"itemListElement\":[{\"@type\":\"ListItem\",\"position\":1,\"name\":\"Home\",\"item\":\"https:\/\/inezstodel.com\/en\/\"},{\"@type\":\"ListItem\",\"position\":2,\"name\":\"Collection\",\"item\":\"https:\/\/inezstodel.com\/en\/collection\/\"},{\"@type\":\"ListItem\",\"position\":3,\"name\":\"Cyrano de Bergerac\"}]},{\"@type\":\"WebSite\",\"@id\":\"https:\/\/inezstodel.com\/#website\",\"url\":\"https:\/\/inezstodel.com\/\",\"name\":\"Inez Stodel\",\"description\":\"period jewellery - antiques\",\"publisher\":{\"@id\":\"https:\/\/inezstodel.com\/#organization\"},\"potentialAction\":[{\"@type\":\"SearchAction\",\"target\":{\"@type\":\"EntryPoint\",\"urlTemplate\":\"https:\/\/inezstodel.com\/?s={search_term_string}\"},\"query-input\":{\"@type\":\"PropertyValueSpecification\",\"valueRequired\":true,\"valueName\":\"search_term_string\"}}],\"inLanguage\":\"en-US\"},{\"@type\":\"Organization\",\"@id\":\"https:\/\/inezstodel.com\/#organization\",\"name\":\"Inez Stodel\",\"url\":\"https:\/\/inezstodel.com\/\",\"logo\":{\"@type\":\"ImageObject\",\"inLanguage\":\"en-US\",\"@id\":\"https:\/\/inezstodel.com\/#\/schema\/logo\/image\/\",\"url\":\"https:\/\/inezstodel.com\/wp-content\/uploads\/2017\/12\/InezStodel_Logo_jewellery.png\",\"contentUrl\":\"https:\/\/inezstodel.com\/wp-content\/uploads\/2017\/12\/InezStodel_Logo_jewellery.png\",\"width\":232,\"height\":100,\"caption\":\"Inez Stodel\"},\"image\":{\"@id\":\"https:\/\/inezstodel.com\/#\/schema\/logo\/image\/\"}}]}<\/script>\n<!-- \/ Yoast SEO plugin. -->","yoast_head_json":{"title":"Cyrano de Bergerac - Inez Stodel","robots":{"index":"index","follow":"follow","max-snippet":"max-snippet:-1","max-image-preview":"max-image-preview:large","max-video-preview":"max-video-preview:-1"},"canonical":"https:\/\/inezstodel.com\/en\/collection\/necklaces-pendants\/cyrano-de-bergerac\/","og_locale":"en_US","og_type":"article","og_title":"Cyrano de Bergerac - Inez Stodel","og_description":"An 18 carat gold Art Nouveau medaille bijou representing Cyrano de Bergerac, the main character from the play by Edmond Rostand (1868-1918), a soldier and poet who loves his cousin Roxane but only courts her through Christian de Neuvillette, a soldier in his unit, who is loved by Roxane, together Christian and Cyrano are the [...]","og_url":"https:\/\/inezstodel.com\/en\/collection\/necklaces-pendants\/cyrano-de-bergerac\/","og_site_name":"Inez Stodel","article_modified_time":"2017-12-14T12:39:38+00:00","og_image":[{"width":900,"height":765,"url":"https:\/\/inezstodel.com\/wp-content\/uploads\/2017\/07\/670www_RASUMNY_Cyrano4.jpg","type":"image\/jpeg"}],"twitter_card":"summary_large_image","twitter_misc":{"Est. reading time":"1 minute"},"schema":{"@context":"https:\/\/schema.org","@graph":[{"@type":"WebPage","@id":"https:\/\/inezstodel.com\/en\/collection\/necklaces-pendants\/cyrano-de-bergerac\/","url":"https:\/\/inezstodel.com\/en\/collection\/necklaces-pendants\/cyrano-de-bergerac\/","name":"Cyrano de Bergerac - Inez Stodel","isPartOf":{"@id":"https:\/\/inezstodel.com\/#website"},"primaryImageOfPage":{"@id":"https:\/\/inezstodel.com\/en\/collection\/necklaces-pendants\/cyrano-de-bergerac\/#primaryimage"},"image":{"@id":"https:\/\/inezstodel.com\/en\/collection\/necklaces-pendants\/cyrano-de-bergerac\/#primaryimage"},"thumbnailUrl":"https:\/\/inezstodel.com\/wp-content\/uploads\/2017\/07\/670www_RASUMNY_Cyrano4.jpg","datePublished":"2017-11-21T16:29:52+00:00","dateModified":"2017-12-14T12:39:38+00:00","breadcrumb":{"@id":"https:\/\/inezstodel.com\/en\/collection\/necklaces-pendants\/cyrano-de-bergerac\/#breadcrumb"},"inLanguage":"en-US","potentialAction":[{"@type":"ReadAction","target":["https:\/\/inezstodel.com\/en\/collection\/necklaces-pendants\/cyrano-de-bergerac\/"]}]},{"@type":"ImageObject","inLanguage":"en-US","@id":"https:\/\/inezstodel.com\/en\/collection\/necklaces-pendants\/cyrano-de-bergerac\/#primaryimage","url":"https:\/\/inezstodel.com\/wp-content\/uploads\/2017\/07\/670www_RASUMNY_Cyrano4.jpg","contentUrl":"https:\/\/inezstodel.com\/wp-content\/uploads\/2017\/07\/670www_RASUMNY_Cyrano4.jpg","width":900,"height":765},{"@type":"BreadcrumbList","@id":"https:\/\/inezstodel.com\/en\/collection\/necklaces-pendants\/cyrano-de-bergerac\/#breadcrumb","itemListElement":[{"@type":"ListItem","position":1,"name":"Home","item":"https:\/\/inezstodel.com\/en\/"},{"@type":"ListItem","position":2,"name":"Collection","item":"https:\/\/inezstodel.com\/en\/collection\/"},{"@type":"ListItem","position":3,"name":"Cyrano de Bergerac"}]},{"@type":"WebSite","@id":"https:\/\/inezstodel.com\/#website","url":"https:\/\/inezstodel.com\/","name":"Inez Stodel","description":"period jewellery - antiques","publisher":{"@id":"https:\/\/inezstodel.com\/#organization"},"potentialAction":[{"@type":"SearchAction","target":{"@type":"EntryPoint","urlTemplate":"https:\/\/inezstodel.com\/?s={search_term_string}"},"query-input":{"@type":"PropertyValueSpecification","valueRequired":true,"valueName":"search_term_string"}}],"inLanguage":"en-US"},{"@type":"Organization","@id":"https:\/\/inezstodel.com\/#organization","name":"Inez Stodel","url":"https:\/\/inezstodel.com\/","logo":{"@type":"ImageObject","inLanguage":"en-US","@id":"https:\/\/inezstodel.com\/#\/schema\/logo\/image\/","url":"https:\/\/inezstodel.com\/wp-content\/uploads\/2017\/12\/InezStodel_Logo_jewellery.png","contentUrl":"https:\/\/inezstodel.com\/wp-content\/uploads\/2017\/12\/InezStodel_Logo_jewellery.png","width":232,"height":100,"caption":"Inez Stodel"},"image":{"@id":"https:\/\/inezstodel.com\/#\/schema\/logo\/image\/"}}]}},"_links":{"self":[{"href":"https:\/\/inezstodel.com\/en\/wp-json\/wp\/v2\/product\/8378","targetHints":{"allow":["GET"]}}],"collection":[{"href":"https:\/\/inezstodel.com\/en\/wp-json\/wp\/v2\/product"}],"about":[{"href":"https:\/\/inezstodel.com\/en\/wp-json\/wp\/v2\/types\/product"}],"wp:featuredmedia":[{"embeddable":true,"href":"https:\/\/inezstodel.com\/en\/wp-json\/wp\/v2\/media\/3279"}],"wp:attachment":[{"href":"https:\/\/inezstodel.com\/en\/wp-json\/wp\/v2\/media?parent=8378"}],"wp:term":[{"taxonomy":"product_cat","embeddable":true,"href":"https:\/\/inezstodel.com\/en\/wp-json\/wp\/v2\/product_cat?post=8378"},{"taxonomy":"product_tag","embeddable":true,"href":"https:\/\/inezstodel.com\/en\/wp-json\/wp\/v2\/product_tag?post=8378"}],"curies":[{"name":"wp","href":"https:\/\/api.w.org\/{rel}","templated":true}]}}