{"id":8385,"date":"2017-11-21T17:29:52","date_gmt":"2017-11-21T16:29:52","guid":{"rendered":"https:\/\/inezstodel.com\/collectie\/niet-gecategoriseerd\/art-deco-diamond-and-sapphire-ring\/"},"modified":"2017-12-14T13:39:49","modified_gmt":"2017-12-14T12:39:49","slug":"art-deco-diamond-and-sapphire-ring","status":"publish","type":"product","link":"https:\/\/inezstodel.com\/en\/collection\/rings\/art-deco-diamond-and-sapphire-ring\/","title":{"rendered":"Art D\u00e9co diamond and sapphire ring"},"content":{"rendered":"<p>A platinum Art D\u00e9co ring with a cushion shaped diamond in its centre (colour G-H almost 1 carat) surrounded by brilliant cut diamonds on the sides and shoulders and six suiff\u00e9 cut sapphires, signed and numbered: Linzeler &#038; Marchak, 1421, Paris, ca. 1925. <\/p>\n<p>ring size: 15.25 mm. 4 1\/2 US<br \/>\nweight: 3.4 grams<\/p>\n<p>The Linzeler-Marchak partnership was only of short duration from 1922 until 1925 but in this short time span their names have become associated with some of the most beautiful jewels of the period with superb craftsmanship.<br \/>\nLinzeler-Marchak created romanticized pieces featuring the favorite themes of birds and large sprays of flowers. At the 1925 Art D\u00e9co World Exhibition Linzeler-Marchak showed a few grand rose spray brooches, one of which is the only jewel that has been re issued recently by the Marchak House. Even though this rose has a strong geometric Art D\u00e9co form, its appearance is soft because of the suiff\u00e9 cut rubies, emeralds and sapphires pav\u00e9 set around the diamonds. This cut combines the softness of a polished cabochon on the table with facets on the backside of a stone. The same technique was used for the creation of this ring.<\/p>\n","protected":false},"excerpt":{"rendered":"<p>A platinum Art D\u00e9co ring with a cushion shaped diamond in its centre (colour G-H almost 1 carat) surrounded by brilliant cut diamonds on the sides and shoulders and six suiff\u00e9 cut sapphires, signed and numbered: Linzeler &#038; Marchak, 1421, Paris, ca. 1925. ring size: 15.25 mm. 4 1\/2 US weight: 3.4 grams The Linzeler-Marchak [&#8230;]\n","protected":false},"featured_media":3362,"template":"","meta":{"_monsterinsights_skip_tracking":false,"_monsterinsights_sitenote_active":false,"_monsterinsights_sitenote_note":"","_monsterinsights_sitenote_category":0},"product_brand":[],"product_cat":[37,345],"product_tag":[],"class_list":{"0":"post-8385","1":"product","2":"type-product","3":"status-publish","4":"has-post-thumbnail","6":"product_cat-rings","7":"product_cat-sold","8":"pa_house-linzeler-marchak","9":"pa_period-art-deco-en","10":"pa_pricerange-e-10000-e-20000","12":"first","13":"instock","14":"product-type-simple"},"yoast_head":"<!-- This site is optimized with the Yoast SEO plugin v27.4 - https:\/\/yoast.com\/product\/yoast-seo-wordpress\/ -->\n<title>Art D\u00e9co diamond and sapphire ring - Inez Stodel<\/title>\n<meta name=\"robots\" content=\"index, follow, max-snippet:-1, max-image-preview:large, max-video-preview:-1\" \/>\n<link rel=\"canonical\" href=\"https:\/\/inezstodel.com\/en\/collection\/rings\/art-deco-diamond-and-sapphire-ring\/\" \/>\n<meta property=\"og:locale\" content=\"en_US\" \/>\n<meta property=\"og:type\" content=\"article\" \/>\n<meta property=\"og:title\" content=\"Art D\u00e9co diamond and sapphire ring - Inez Stodel\" \/>\n<meta property=\"og:description\" content=\"A platinum Art D\u00e9co ring with a cushion shaped diamond in its centre (colour G-H almost 1 carat) surrounded by brilliant cut diamonds on the sides and shoulders and six suiff\u00e9 cut sapphires, signed and numbered: Linzeler &#038; Marchak, 1421, Paris, ca. 1925. ring size: 15.25 mm. 4 1\/2 US weight: 3.4 grams The Linzeler-Marchak [...]\" \/>\n<meta property=\"og:url\" content=\"https:\/\/inezstodel.com\/en\/collection\/rings\/art-deco-diamond-and-sapphire-ring\/\" \/>\n<meta property=\"og:site_name\" content=\"Inez Stodel\" \/>\n<meta property=\"article:modified_time\" content=\"2017-12-14T12:39:49+00:00\" \/>\n<meta property=\"og:image\" content=\"https:\/\/inezstodel.com\/wp-content\/uploads\/2017\/07\/681www_Linzeler_26Marchak_ring5.jpg\" \/>\n\t<meta property=\"og:image:width\" content=\"900\" \/>\n\t<meta property=\"og:image:height\" content=\"765\" \/>\n\t<meta property=\"og:image:type\" content=\"image\/jpeg\" \/>\n<meta name=\"twitter:card\" content=\"summary_large_image\" \/>\n<meta name=\"twitter:label1\" content=\"Est. reading time\" \/>\n\t<meta name=\"twitter:data1\" content=\"1 minute\" \/>\n<script type=\"application\/ld+json\" class=\"yoast-schema-graph\">{\"@context\":\"https:\\\/\\\/schema.org\",\"@graph\":[{\"@type\":\"WebPage\",\"@id\":\"https:\\\/\\\/inezstodel.com\\\/en\\\/collection\\\/rings\\\/art-deco-diamond-and-sapphire-ring\\\/\",\"url\":\"https:\\\/\\\/inezstodel.com\\\/en\\\/collection\\\/rings\\\/art-deco-diamond-and-sapphire-ring\\\/\",\"name\":\"Art D\u00e9co diamond and sapphire ring - Inez Stodel\",\"isPartOf\":{\"@id\":\"https:\\\/\\\/inezstodel.com\\\/#website\"},\"primaryImageOfPage\":{\"@id\":\"https:\\\/\\\/inezstodel.com\\\/en\\\/collection\\\/rings\\\/art-deco-diamond-and-sapphire-ring\\\/#primaryimage\"},\"image\":{\"@id\":\"https:\\\/\\\/inezstodel.com\\\/en\\\/collection\\\/rings\\\/art-deco-diamond-and-sapphire-ring\\\/#primaryimage\"},\"thumbnailUrl\":\"https:\\\/\\\/inezstodel.com\\\/wp-content\\\/uploads\\\/2017\\\/07\\\/681www_Linzeler_26Marchak_ring5.jpg\",\"datePublished\":\"2017-11-21T16:29:52+00:00\",\"dateModified\":\"2017-12-14T12:39:49+00:00\",\"breadcrumb\":{\"@id\":\"https:\\\/\\\/inezstodel.com\\\/en\\\/collection\\\/rings\\\/art-deco-diamond-and-sapphire-ring\\\/#breadcrumb\"},\"inLanguage\":\"en-US\",\"potentialAction\":[{\"@type\":\"ReadAction\",\"target\":[\"https:\\\/\\\/inezstodel.com\\\/en\\\/collection\\\/rings\\\/art-deco-diamond-and-sapphire-ring\\\/\"]}]},{\"@type\":\"ImageObject\",\"inLanguage\":\"en-US\",\"@id\":\"https:\\\/\\\/inezstodel.com\\\/en\\\/collection\\\/rings\\\/art-deco-diamond-and-sapphire-ring\\\/#primaryimage\",\"url\":\"https:\\\/\\\/inezstodel.com\\\/wp-content\\\/uploads\\\/2017\\\/07\\\/681www_Linzeler_26Marchak_ring5.jpg\",\"contentUrl\":\"https:\\\/\\\/inezstodel.com\\\/wp-content\\\/uploads\\\/2017\\\/07\\\/681www_Linzeler_26Marchak_ring5.jpg\",\"width\":900,\"height\":765,\"caption\":\"Art D\u00e9co diamond and sapphire ring\"},{\"@type\":\"BreadcrumbList\",\"@id\":\"https:\\\/\\\/inezstodel.com\\\/en\\\/collection\\\/rings\\\/art-deco-diamond-and-sapphire-ring\\\/#breadcrumb\",\"itemListElement\":[{\"@type\":\"ListItem\",\"position\":1,\"name\":\"Home\",\"item\":\"https:\\\/\\\/inezstodel.com\\\/en\\\/\"},{\"@type\":\"ListItem\",\"position\":2,\"name\":\"Collection\",\"item\":\"https:\\\/\\\/inezstodel.com\\\/en\\\/collection\\\/\"},{\"@type\":\"ListItem\",\"position\":3,\"name\":\"Art D\u00e9co diamond and sapphire ring\"}]},{\"@type\":\"WebSite\",\"@id\":\"https:\\\/\\\/inezstodel.com\\\/#website\",\"url\":\"https:\\\/\\\/inezstodel.com\\\/\",\"name\":\"Inez Stodel\",\"description\":\"period jewellery - antiques\",\"publisher\":{\"@id\":\"https:\\\/\\\/inezstodel.com\\\/#organization\"},\"potentialAction\":[{\"@type\":\"SearchAction\",\"target\":{\"@type\":\"EntryPoint\",\"urlTemplate\":\"https:\\\/\\\/inezstodel.com\\\/?s={search_term_string}\"},\"query-input\":{\"@type\":\"PropertyValueSpecification\",\"valueRequired\":true,\"valueName\":\"search_term_string\"}}],\"inLanguage\":\"en-US\"},{\"@type\":\"Organization\",\"@id\":\"https:\\\/\\\/inezstodel.com\\\/#organization\",\"name\":\"Inez Stodel\",\"url\":\"https:\\\/\\\/inezstodel.com\\\/\",\"logo\":{\"@type\":\"ImageObject\",\"inLanguage\":\"en-US\",\"@id\":\"https:\\\/\\\/inezstodel.com\\\/#\\\/schema\\\/logo\\\/image\\\/\",\"url\":\"https:\\\/\\\/inezstodel.com\\\/wp-content\\\/uploads\\\/2017\\\/12\\\/InezStodel_Logo_jewellery.png\",\"contentUrl\":\"https:\\\/\\\/inezstodel.com\\\/wp-content\\\/uploads\\\/2017\\\/12\\\/InezStodel_Logo_jewellery.png\",\"width\":232,\"height\":100,\"caption\":\"Inez Stodel\"},\"image\":{\"@id\":\"https:\\\/\\\/inezstodel.com\\\/#\\\/schema\\\/logo\\\/image\\\/\"}}]}<\/script>\n<!-- \/ Yoast SEO plugin. -->","yoast_head_json":{"title":"Art D\u00e9co diamond and sapphire ring - Inez Stodel","robots":{"index":"index","follow":"follow","max-snippet":"max-snippet:-1","max-image-preview":"max-image-preview:large","max-video-preview":"max-video-preview:-1"},"canonical":"https:\/\/inezstodel.com\/en\/collection\/rings\/art-deco-diamond-and-sapphire-ring\/","og_locale":"en_US","og_type":"article","og_title":"Art D\u00e9co diamond and sapphire ring - Inez Stodel","og_description":"A platinum Art D\u00e9co ring with a cushion shaped diamond in its centre (colour G-H almost 1 carat) surrounded by brilliant cut diamonds on the sides and shoulders and six suiff\u00e9 cut sapphires, signed and numbered: Linzeler &#038; Marchak, 1421, Paris, ca. 1925. ring size: 15.25 mm. 4 1\/2 US weight: 3.4 grams The Linzeler-Marchak [...]","og_url":"https:\/\/inezstodel.com\/en\/collection\/rings\/art-deco-diamond-and-sapphire-ring\/","og_site_name":"Inez Stodel","article_modified_time":"2017-12-14T12:39:49+00:00","og_image":[{"width":900,"height":765,"url":"https:\/\/inezstodel.com\/wp-content\/uploads\/2017\/07\/681www_Linzeler_26Marchak_ring5.jpg","type":"image\/jpeg"}],"twitter_card":"summary_large_image","twitter_misc":{"Est. reading time":"1 minute"},"schema":{"@context":"https:\/\/schema.org","@graph":[{"@type":"WebPage","@id":"https:\/\/inezstodel.com\/en\/collection\/rings\/art-deco-diamond-and-sapphire-ring\/","url":"https:\/\/inezstodel.com\/en\/collection\/rings\/art-deco-diamond-and-sapphire-ring\/","name":"Art D\u00e9co diamond and sapphire ring - Inez Stodel","isPartOf":{"@id":"https:\/\/inezstodel.com\/#website"},"primaryImageOfPage":{"@id":"https:\/\/inezstodel.com\/en\/collection\/rings\/art-deco-diamond-and-sapphire-ring\/#primaryimage"},"image":{"@id":"https:\/\/inezstodel.com\/en\/collection\/rings\/art-deco-diamond-and-sapphire-ring\/#primaryimage"},"thumbnailUrl":"https:\/\/inezstodel.com\/wp-content\/uploads\/2017\/07\/681www_Linzeler_26Marchak_ring5.jpg","datePublished":"2017-11-21T16:29:52+00:00","dateModified":"2017-12-14T12:39:49+00:00","breadcrumb":{"@id":"https:\/\/inezstodel.com\/en\/collection\/rings\/art-deco-diamond-and-sapphire-ring\/#breadcrumb"},"inLanguage":"en-US","potentialAction":[{"@type":"ReadAction","target":["https:\/\/inezstodel.com\/en\/collection\/rings\/art-deco-diamond-and-sapphire-ring\/"]}]},{"@type":"ImageObject","inLanguage":"en-US","@id":"https:\/\/inezstodel.com\/en\/collection\/rings\/art-deco-diamond-and-sapphire-ring\/#primaryimage","url":"https:\/\/inezstodel.com\/wp-content\/uploads\/2017\/07\/681www_Linzeler_26Marchak_ring5.jpg","contentUrl":"https:\/\/inezstodel.com\/wp-content\/uploads\/2017\/07\/681www_Linzeler_26Marchak_ring5.jpg","width":900,"height":765,"caption":"Art D\u00e9co diamond and sapphire ring"},{"@type":"BreadcrumbList","@id":"https:\/\/inezstodel.com\/en\/collection\/rings\/art-deco-diamond-and-sapphire-ring\/#breadcrumb","itemListElement":[{"@type":"ListItem","position":1,"name":"Home","item":"https:\/\/inezstodel.com\/en\/"},{"@type":"ListItem","position":2,"name":"Collection","item":"https:\/\/inezstodel.com\/en\/collection\/"},{"@type":"ListItem","position":3,"name":"Art D\u00e9co diamond and sapphire ring"}]},{"@type":"WebSite","@id":"https:\/\/inezstodel.com\/#website","url":"https:\/\/inezstodel.com\/","name":"Inez Stodel","description":"period jewellery - antiques","publisher":{"@id":"https:\/\/inezstodel.com\/#organization"},"potentialAction":[{"@type":"SearchAction","target":{"@type":"EntryPoint","urlTemplate":"https:\/\/inezstodel.com\/?s={search_term_string}"},"query-input":{"@type":"PropertyValueSpecification","valueRequired":true,"valueName":"search_term_string"}}],"inLanguage":"en-US"},{"@type":"Organization","@id":"https:\/\/inezstodel.com\/#organization","name":"Inez Stodel","url":"https:\/\/inezstodel.com\/","logo":{"@type":"ImageObject","inLanguage":"en-US","@id":"https:\/\/inezstodel.com\/#\/schema\/logo\/image\/","url":"https:\/\/inezstodel.com\/wp-content\/uploads\/2017\/12\/InezStodel_Logo_jewellery.png","contentUrl":"https:\/\/inezstodel.com\/wp-content\/uploads\/2017\/12\/InezStodel_Logo_jewellery.png","width":232,"height":100,"caption":"Inez Stodel"},"image":{"@id":"https:\/\/inezstodel.com\/#\/schema\/logo\/image\/"}}]}},"_links":{"self":[{"href":"https:\/\/inezstodel.com\/en\/wp-json\/wp\/v2\/product\/8385","targetHints":{"allow":["GET"]}}],"collection":[{"href":"https:\/\/inezstodel.com\/en\/wp-json\/wp\/v2\/product"}],"about":[{"href":"https:\/\/inezstodel.com\/en\/wp-json\/wp\/v2\/types\/product"}],"wp:featuredmedia":[{"embeddable":true,"href":"https:\/\/inezstodel.com\/en\/wp-json\/wp\/v2\/media\/3362"}],"wp:attachment":[{"href":"https:\/\/inezstodel.com\/en\/wp-json\/wp\/v2\/media?parent=8385"}],"wp:term":[{"taxonomy":"product_brand","embeddable":true,"href":"https:\/\/inezstodel.com\/en\/wp-json\/wp\/v2\/product_brand?post=8385"},{"taxonomy":"product_cat","embeddable":true,"href":"https:\/\/inezstodel.com\/en\/wp-json\/wp\/v2\/product_cat?post=8385"},{"taxonomy":"product_tag","embeddable":true,"href":"https:\/\/inezstodel.com\/en\/wp-json\/wp\/v2\/product_tag?post=8385"}],"curies":[{"name":"wp","href":"https:\/\/api.w.org\/{rel}","templated":true}]}}