{"id":8811,"date":"2017-11-21T17:02:47","date_gmt":"2017-11-21T16:42:33","guid":{"rendered":"https:\/\/inezstodel.com\/collectie\/niet-gecategoriseerd\/danae-en-zeus\/"},"modified":"2019-09-30T22:39:08","modified_gmt":"2019-09-30T20:39:08","slug":"danae-en-zeus","status":"publish","type":"product","link":"https:\/\/inezstodel.com\/en\/collection\/objets-de-vertu-en\/danae-en-zeus\/","title":{"rendered":"Dana\u00eb en Zeus"},"content":{"rendered":"<p>An ivory plaquette with a representation of Dana\u00eb after a painting of Correggio from 1531. Dana\u00eb who was locked up by her father because the oracle of Delphi told him he would die by the hand of his grandson, is seduced by Zeus in the form of golden rain which streamed in through the roof of the chamber where she was kept. Dana\u00eb sits on a bed and catches the rain on her lap. Amor is sitting next to her. To her left are two boys, one with and the other one without wings. They symbolise divine and earthly love, Dutch, second half 17the century.<\/p>\n<p>dimensions: 8.3 x 6 x 7 cm.<\/p>\n","protected":false},"excerpt":{"rendered":"<p>An ivory plaquette with a representation of Dana\u00eb after a painting of Correggio from 1531. Dana\u00eb who was locked up by her father because the oracle of Delphi told him he would die by the hand of his grandson, is seduced by Zeus in the form of golden rain which streamed in through the roof [&#8230;]\n","protected":false},"featured_media":5276,"template":"","meta":{"_monsterinsights_skip_tracking":false,"_monsterinsights_sitenote_active":false,"_monsterinsights_sitenote_note":"","_monsterinsights_sitenote_category":0},"product_cat":[34,345],"product_tag":[],"class_list":{"0":"post-8811","1":"product","2":"type-product","3":"status-publish","4":"has-post-thumbnail","6":"product_cat-objets-de-vertu-en","7":"product_cat-sold","8":"pa_period-early-jewellery","9":"pa_pricerange-e-1000-e-2500","11":"first","12":"instock","13":"product-type-simple"},"yoast_head":"<!-- This site is optimized with the Yoast SEO plugin v24.1 - https:\/\/yoast.com\/wordpress\/plugins\/seo\/ -->\n<title>Dana\u00eb en Zeus - Inez Stodel<\/title>\n<meta name=\"robots\" content=\"index, follow, max-snippet:-1, max-image-preview:large, max-video-preview:-1\" \/>\n<link rel=\"canonical\" href=\"https:\/\/inezstodel.com\/en\/collection\/objets-de-vertu-en\/danae-en-zeus\/\" \/>\n<meta property=\"og:locale\" content=\"en_US\" \/>\n<meta property=\"og:type\" content=\"article\" \/>\n<meta property=\"og:title\" content=\"Dana\u00eb en Zeus - Inez Stodel\" \/>\n<meta property=\"og:description\" content=\"An ivory plaquette with a representation of Dana\u00eb after a painting of Correggio from 1531. Dana\u00eb who was locked up by her father because the oracle of Delphi told him he would die by the hand of his grandson, is seduced by Zeus in the form of golden rain which streamed in through the roof [...]\" \/>\n<meta property=\"og:url\" content=\"https:\/\/inezstodel.com\/en\/collection\/objets-de-vertu-en\/danae-en-zeus\/\" \/>\n<meta property=\"og:site_name\" content=\"Inez Stodel\" \/>\n<meta property=\"article:modified_time\" content=\"2019-09-30T20:39:08+00:00\" \/>\n<meta property=\"og:image\" content=\"https:\/\/inezstodel.com\/wp-content\/uploads\/2017\/07\/1390www_danae_zeus.jpg\" \/>\n\t<meta property=\"og:image:width\" content=\"900\" \/>\n\t<meta property=\"og:image:height\" content=\"765\" \/>\n\t<meta property=\"og:image:type\" content=\"image\/jpeg\" \/>\n<meta name=\"twitter:card\" content=\"summary_large_image\" \/>\n<meta name=\"twitter:label1\" content=\"Est. reading time\" \/>\n\t<meta name=\"twitter:data1\" content=\"1 minute\" \/>\n<script type=\"application\/ld+json\" class=\"yoast-schema-graph\">{\"@context\":\"https:\/\/schema.org\",\"@graph\":[{\"@type\":\"WebPage\",\"@id\":\"https:\/\/inezstodel.com\/en\/collection\/objets-de-vertu-en\/danae-en-zeus\/\",\"url\":\"https:\/\/inezstodel.com\/en\/collection\/objets-de-vertu-en\/danae-en-zeus\/\",\"name\":\"Dana\u00eb en Zeus - Inez Stodel\",\"isPartOf\":{\"@id\":\"https:\/\/inezstodel.com\/#website\"},\"primaryImageOfPage\":{\"@id\":\"https:\/\/inezstodel.com\/en\/collection\/objets-de-vertu-en\/danae-en-zeus\/#primaryimage\"},\"image\":{\"@id\":\"https:\/\/inezstodel.com\/en\/collection\/objets-de-vertu-en\/danae-en-zeus\/#primaryimage\"},\"thumbnailUrl\":\"https:\/\/inezstodel.com\/wp-content\/uploads\/2017\/07\/1390www_danae_zeus.jpg\",\"datePublished\":\"2017-11-21T16:42:33+00:00\",\"dateModified\":\"2019-09-30T20:39:08+00:00\",\"breadcrumb\":{\"@id\":\"https:\/\/inezstodel.com\/en\/collection\/objets-de-vertu-en\/danae-en-zeus\/#breadcrumb\"},\"inLanguage\":\"en-US\",\"potentialAction\":[{\"@type\":\"ReadAction\",\"target\":[\"https:\/\/inezstodel.com\/en\/collection\/objets-de-vertu-en\/danae-en-zeus\/\"]}]},{\"@type\":\"ImageObject\",\"inLanguage\":\"en-US\",\"@id\":\"https:\/\/inezstodel.com\/en\/collection\/objets-de-vertu-en\/danae-en-zeus\/#primaryimage\",\"url\":\"https:\/\/inezstodel.com\/wp-content\/uploads\/2017\/07\/1390www_danae_zeus.jpg\",\"contentUrl\":\"https:\/\/inezstodel.com\/wp-content\/uploads\/2017\/07\/1390www_danae_zeus.jpg\",\"width\":900,\"height\":765},{\"@type\":\"BreadcrumbList\",\"@id\":\"https:\/\/inezstodel.com\/en\/collection\/objets-de-vertu-en\/danae-en-zeus\/#breadcrumb\",\"itemListElement\":[{\"@type\":\"ListItem\",\"position\":1,\"name\":\"Home\",\"item\":\"https:\/\/inezstodel.com\/en\/\"},{\"@type\":\"ListItem\",\"position\":2,\"name\":\"Collection\",\"item\":\"https:\/\/inezstodel.com\/en\/collection\/\"},{\"@type\":\"ListItem\",\"position\":3,\"name\":\"Dana\u00eb en Zeus\"}]},{\"@type\":\"WebSite\",\"@id\":\"https:\/\/inezstodel.com\/#website\",\"url\":\"https:\/\/inezstodel.com\/\",\"name\":\"Inez Stodel\",\"description\":\"period jewellery - antiques\",\"publisher\":{\"@id\":\"https:\/\/inezstodel.com\/#organization\"},\"potentialAction\":[{\"@type\":\"SearchAction\",\"target\":{\"@type\":\"EntryPoint\",\"urlTemplate\":\"https:\/\/inezstodel.com\/?s={search_term_string}\"},\"query-input\":{\"@type\":\"PropertyValueSpecification\",\"valueRequired\":true,\"valueName\":\"search_term_string\"}}],\"inLanguage\":\"en-US\"},{\"@type\":\"Organization\",\"@id\":\"https:\/\/inezstodel.com\/#organization\",\"name\":\"Inez Stodel\",\"url\":\"https:\/\/inezstodel.com\/\",\"logo\":{\"@type\":\"ImageObject\",\"inLanguage\":\"en-US\",\"@id\":\"https:\/\/inezstodel.com\/#\/schema\/logo\/image\/\",\"url\":\"https:\/\/inezstodel.com\/wp-content\/uploads\/2017\/12\/InezStodel_Logo_jewellery.png\",\"contentUrl\":\"https:\/\/inezstodel.com\/wp-content\/uploads\/2017\/12\/InezStodel_Logo_jewellery.png\",\"width\":232,\"height\":100,\"caption\":\"Inez Stodel\"},\"image\":{\"@id\":\"https:\/\/inezstodel.com\/#\/schema\/logo\/image\/\"}}]}<\/script>\n<!-- \/ Yoast SEO plugin. -->","yoast_head_json":{"title":"Dana\u00eb en Zeus - Inez Stodel","robots":{"index":"index","follow":"follow","max-snippet":"max-snippet:-1","max-image-preview":"max-image-preview:large","max-video-preview":"max-video-preview:-1"},"canonical":"https:\/\/inezstodel.com\/en\/collection\/objets-de-vertu-en\/danae-en-zeus\/","og_locale":"en_US","og_type":"article","og_title":"Dana\u00eb en Zeus - Inez Stodel","og_description":"An ivory plaquette with a representation of Dana\u00eb after a painting of Correggio from 1531. Dana\u00eb who was locked up by her father because the oracle of Delphi told him he would die by the hand of his grandson, is seduced by Zeus in the form of golden rain which streamed in through the roof [...]","og_url":"https:\/\/inezstodel.com\/en\/collection\/objets-de-vertu-en\/danae-en-zeus\/","og_site_name":"Inez Stodel","article_modified_time":"2019-09-30T20:39:08+00:00","og_image":[{"width":900,"height":765,"url":"https:\/\/inezstodel.com\/wp-content\/uploads\/2017\/07\/1390www_danae_zeus.jpg","type":"image\/jpeg"}],"twitter_card":"summary_large_image","twitter_misc":{"Est. reading time":"1 minute"},"schema":{"@context":"https:\/\/schema.org","@graph":[{"@type":"WebPage","@id":"https:\/\/inezstodel.com\/en\/collection\/objets-de-vertu-en\/danae-en-zeus\/","url":"https:\/\/inezstodel.com\/en\/collection\/objets-de-vertu-en\/danae-en-zeus\/","name":"Dana\u00eb en Zeus - Inez Stodel","isPartOf":{"@id":"https:\/\/inezstodel.com\/#website"},"primaryImageOfPage":{"@id":"https:\/\/inezstodel.com\/en\/collection\/objets-de-vertu-en\/danae-en-zeus\/#primaryimage"},"image":{"@id":"https:\/\/inezstodel.com\/en\/collection\/objets-de-vertu-en\/danae-en-zeus\/#primaryimage"},"thumbnailUrl":"https:\/\/inezstodel.com\/wp-content\/uploads\/2017\/07\/1390www_danae_zeus.jpg","datePublished":"2017-11-21T16:42:33+00:00","dateModified":"2019-09-30T20:39:08+00:00","breadcrumb":{"@id":"https:\/\/inezstodel.com\/en\/collection\/objets-de-vertu-en\/danae-en-zeus\/#breadcrumb"},"inLanguage":"en-US","potentialAction":[{"@type":"ReadAction","target":["https:\/\/inezstodel.com\/en\/collection\/objets-de-vertu-en\/danae-en-zeus\/"]}]},{"@type":"ImageObject","inLanguage":"en-US","@id":"https:\/\/inezstodel.com\/en\/collection\/objets-de-vertu-en\/danae-en-zeus\/#primaryimage","url":"https:\/\/inezstodel.com\/wp-content\/uploads\/2017\/07\/1390www_danae_zeus.jpg","contentUrl":"https:\/\/inezstodel.com\/wp-content\/uploads\/2017\/07\/1390www_danae_zeus.jpg","width":900,"height":765},{"@type":"BreadcrumbList","@id":"https:\/\/inezstodel.com\/en\/collection\/objets-de-vertu-en\/danae-en-zeus\/#breadcrumb","itemListElement":[{"@type":"ListItem","position":1,"name":"Home","item":"https:\/\/inezstodel.com\/en\/"},{"@type":"ListItem","position":2,"name":"Collection","item":"https:\/\/inezstodel.com\/en\/collection\/"},{"@type":"ListItem","position":3,"name":"Dana\u00eb en Zeus"}]},{"@type":"WebSite","@id":"https:\/\/inezstodel.com\/#website","url":"https:\/\/inezstodel.com\/","name":"Inez Stodel","description":"period jewellery - antiques","publisher":{"@id":"https:\/\/inezstodel.com\/#organization"},"potentialAction":[{"@type":"SearchAction","target":{"@type":"EntryPoint","urlTemplate":"https:\/\/inezstodel.com\/?s={search_term_string}"},"query-input":{"@type":"PropertyValueSpecification","valueRequired":true,"valueName":"search_term_string"}}],"inLanguage":"en-US"},{"@type":"Organization","@id":"https:\/\/inezstodel.com\/#organization","name":"Inez Stodel","url":"https:\/\/inezstodel.com\/","logo":{"@type":"ImageObject","inLanguage":"en-US","@id":"https:\/\/inezstodel.com\/#\/schema\/logo\/image\/","url":"https:\/\/inezstodel.com\/wp-content\/uploads\/2017\/12\/InezStodel_Logo_jewellery.png","contentUrl":"https:\/\/inezstodel.com\/wp-content\/uploads\/2017\/12\/InezStodel_Logo_jewellery.png","width":232,"height":100,"caption":"Inez Stodel"},"image":{"@id":"https:\/\/inezstodel.com\/#\/schema\/logo\/image\/"}}]}},"_links":{"self":[{"href":"https:\/\/inezstodel.com\/en\/wp-json\/wp\/v2\/product\/8811","targetHints":{"allow":["GET"]}}],"collection":[{"href":"https:\/\/inezstodel.com\/en\/wp-json\/wp\/v2\/product"}],"about":[{"href":"https:\/\/inezstodel.com\/en\/wp-json\/wp\/v2\/types\/product"}],"wp:featuredmedia":[{"embeddable":true,"href":"https:\/\/inezstodel.com\/en\/wp-json\/wp\/v2\/media\/5276"}],"wp:attachment":[{"href":"https:\/\/inezstodel.com\/en\/wp-json\/wp\/v2\/media?parent=8811"}],"wp:term":[{"taxonomy":"product_cat","embeddable":true,"href":"https:\/\/inezstodel.com\/en\/wp-json\/wp\/v2\/product_cat?post=8811"},{"taxonomy":"product_tag","embeddable":true,"href":"https:\/\/inezstodel.com\/en\/wp-json\/wp\/v2\/product_tag?post=8811"}],"curies":[{"name":"wp","href":"https:\/\/api.w.org\/{rel}","templated":true}]}}