{"id":8948,"date":"2017-11-21T17:05:53","date_gmt":"2017-11-21T17:43:08","guid":{"rendered":"https:\/\/inezstodel.com\/collectie\/niet-gecategoriseerd\/enamelled-gold-locket\/"},"modified":"2018-01-11T15:08:07","modified_gmt":"2018-01-11T14:08:07","slug":"enamelled-gold-locket","status":"publish","type":"product","link":"https:\/\/inezstodel.com\/en\/collection\/archive\/enamelled-gold-locket\/","title":{"rendered":"enamelled gold locket"},"content":{"rendered":"<p>A gold, heart-shaped, enamelled locket decorated with a colorful flower bouquet on a light blue background; a different bouquet on each side of the locket; suspended from a large hoop with a striped decoration in blue enamel and gold; the side has green enamelled leaves. The locket is marked with a \u2019t\u00eate de b\u00e9b\u00e9&#8217; for works in 19-carat gold from Paris after 1797 and with the makers&#8217; mark of: Gabriel-Raoul Morel (1764-1832).<\/p>\n<p>weight: 11.33 grams<br \/>\ndimensions: 4 x 2.5 cm<\/p>\n<p>One side of the locket was engraved on the occasion of the\u00a0marriage of James and St\u00e9phanie in 1828 and the birth of their daughter Marie in 1829.<\/p>\n","protected":false},"excerpt":{"rendered":"<p>A gold, heart-shaped, enamelled locket decorated with a colorful flower bouquet on a light blue background; a different bouquet on each side of the locket; suspended from a large hoop with a striped decoration in blue enamel and gold; the side has green enamelled leaves. The locket is marked with a \u2019t\u00eate de b\u00e9b\u00e9&#8217; for [&#8230;]\n","protected":false},"featured_media":7806,"template":"","meta":{"_monsterinsights_skip_tracking":false,"_monsterinsights_sitenote_active":false,"_monsterinsights_sitenote_note":"","_monsterinsights_sitenote_category":0},"product_cat":[28,31,345],"product_tag":[],"class_list":{"0":"post-8948","1":"product","2":"type-product","3":"status-publish","4":"has-post-thumbnail","6":"product_cat-archive","7":"product_cat-necklaces-pendants","8":"product_cat-sold","9":"pa_maker-gabriel-raoul-morel-en","10":"pa_period-georgian-en","11":"pa_pricerange-e-5000-e-10000","13":"first","14":"instock","15":"product-type-simple"},"yoast_head":"<!-- This site is optimized with the Yoast SEO plugin v24.1 - https:\/\/yoast.com\/wordpress\/plugins\/seo\/ -->\n<title>enamelled gold locket - Inez Stodel<\/title>\n<meta name=\"robots\" content=\"index, follow, max-snippet:-1, max-image-preview:large, max-video-preview:-1\" \/>\n<link rel=\"canonical\" href=\"https:\/\/inezstodel.com\/en\/collection\/archive\/enamelled-gold-locket\/\" \/>\n<meta property=\"og:locale\" content=\"en_US\" \/>\n<meta property=\"og:type\" content=\"article\" \/>\n<meta property=\"og:title\" content=\"enamelled gold locket - Inez Stodel\" \/>\n<meta property=\"og:description\" content=\"A gold, heart-shaped, enamelled locket decorated with a colorful flower bouquet on a light blue background; a different bouquet on each side of the locket; suspended from a large hoop with a striped decoration in blue enamel and gold; the side has green enamelled leaves. The locket is marked with a \u2019t\u00eate de b\u00e9b\u00e9&#8217; for [...]\" \/>\n<meta property=\"og:url\" content=\"https:\/\/inezstodel.com\/en\/collection\/archive\/enamelled-gold-locket\/\" \/>\n<meta property=\"og:site_name\" content=\"Inez Stodel\" \/>\n<meta property=\"article:modified_time\" content=\"2018-01-11T14:08:07+00:00\" \/>\n<meta property=\"og:image\" content=\"https:\/\/inezstodel.com\/wp-content\/uploads\/2017\/11\/1561www_flower_heart6.jpg\" \/>\n\t<meta property=\"og:image:width\" content=\"900\" \/>\n\t<meta property=\"og:image:height\" content=\"765\" \/>\n\t<meta property=\"og:image:type\" content=\"image\/jpeg\" \/>\n<meta name=\"twitter:card\" content=\"summary_large_image\" \/>\n<meta name=\"twitter:label1\" content=\"Est. reading time\" \/>\n\t<meta name=\"twitter:data1\" content=\"1 minute\" \/>\n<script type=\"application\/ld+json\" class=\"yoast-schema-graph\">{\"@context\":\"https:\/\/schema.org\",\"@graph\":[{\"@type\":\"WebPage\",\"@id\":\"https:\/\/inezstodel.com\/en\/collection\/archive\/enamelled-gold-locket\/\",\"url\":\"https:\/\/inezstodel.com\/en\/collection\/archive\/enamelled-gold-locket\/\",\"name\":\"enamelled gold locket - Inez Stodel\",\"isPartOf\":{\"@id\":\"https:\/\/inezstodel.com\/#website\"},\"primaryImageOfPage\":{\"@id\":\"https:\/\/inezstodel.com\/en\/collection\/archive\/enamelled-gold-locket\/#primaryimage\"},\"image\":{\"@id\":\"https:\/\/inezstodel.com\/en\/collection\/archive\/enamelled-gold-locket\/#primaryimage\"},\"thumbnailUrl\":\"https:\/\/inezstodel.com\/wp-content\/uploads\/2017\/11\/1561www_flower_heart6.jpg\",\"datePublished\":\"2017-11-21T17:43:08+00:00\",\"dateModified\":\"2018-01-11T14:08:07+00:00\",\"breadcrumb\":{\"@id\":\"https:\/\/inezstodel.com\/en\/collection\/archive\/enamelled-gold-locket\/#breadcrumb\"},\"inLanguage\":\"en-US\",\"potentialAction\":[{\"@type\":\"ReadAction\",\"target\":[\"https:\/\/inezstodel.com\/en\/collection\/archive\/enamelled-gold-locket\/\"]}]},{\"@type\":\"ImageObject\",\"inLanguage\":\"en-US\",\"@id\":\"https:\/\/inezstodel.com\/en\/collection\/archive\/enamelled-gold-locket\/#primaryimage\",\"url\":\"https:\/\/inezstodel.com\/wp-content\/uploads\/2017\/11\/1561www_flower_heart6.jpg\",\"contentUrl\":\"https:\/\/inezstodel.com\/wp-content\/uploads\/2017\/11\/1561www_flower_heart6.jpg\",\"width\":900,\"height\":765},{\"@type\":\"BreadcrumbList\",\"@id\":\"https:\/\/inezstodel.com\/en\/collection\/archive\/enamelled-gold-locket\/#breadcrumb\",\"itemListElement\":[{\"@type\":\"ListItem\",\"position\":1,\"name\":\"Home\",\"item\":\"https:\/\/inezstodel.com\/en\/\"},{\"@type\":\"ListItem\",\"position\":2,\"name\":\"Collection\",\"item\":\"https:\/\/inezstodel.com\/en\/collection\/\"},{\"@type\":\"ListItem\",\"position\":3,\"name\":\"enamelled gold locket\"}]},{\"@type\":\"WebSite\",\"@id\":\"https:\/\/inezstodel.com\/#website\",\"url\":\"https:\/\/inezstodel.com\/\",\"name\":\"Inez Stodel\",\"description\":\"period jewellery - antiques\",\"publisher\":{\"@id\":\"https:\/\/inezstodel.com\/#organization\"},\"potentialAction\":[{\"@type\":\"SearchAction\",\"target\":{\"@type\":\"EntryPoint\",\"urlTemplate\":\"https:\/\/inezstodel.com\/?s={search_term_string}\"},\"query-input\":{\"@type\":\"PropertyValueSpecification\",\"valueRequired\":true,\"valueName\":\"search_term_string\"}}],\"inLanguage\":\"en-US\"},{\"@type\":\"Organization\",\"@id\":\"https:\/\/inezstodel.com\/#organization\",\"name\":\"Inez Stodel\",\"url\":\"https:\/\/inezstodel.com\/\",\"logo\":{\"@type\":\"ImageObject\",\"inLanguage\":\"en-US\",\"@id\":\"https:\/\/inezstodel.com\/#\/schema\/logo\/image\/\",\"url\":\"https:\/\/inezstodel.com\/wp-content\/uploads\/2017\/12\/InezStodel_Logo_jewellery.png\",\"contentUrl\":\"https:\/\/inezstodel.com\/wp-content\/uploads\/2017\/12\/InezStodel_Logo_jewellery.png\",\"width\":232,\"height\":100,\"caption\":\"Inez Stodel\"},\"image\":{\"@id\":\"https:\/\/inezstodel.com\/#\/schema\/logo\/image\/\"}}]}<\/script>\n<!-- \/ Yoast SEO plugin. -->","yoast_head_json":{"title":"enamelled gold locket - Inez Stodel","robots":{"index":"index","follow":"follow","max-snippet":"max-snippet:-1","max-image-preview":"max-image-preview:large","max-video-preview":"max-video-preview:-1"},"canonical":"https:\/\/inezstodel.com\/en\/collection\/archive\/enamelled-gold-locket\/","og_locale":"en_US","og_type":"article","og_title":"enamelled gold locket - Inez Stodel","og_description":"A gold, heart-shaped, enamelled locket decorated with a colorful flower bouquet on a light blue background; a different bouquet on each side of the locket; suspended from a large hoop with a striped decoration in blue enamel and gold; the side has green enamelled leaves. The locket is marked with a \u2019t\u00eate de b\u00e9b\u00e9&#8217; for [...]","og_url":"https:\/\/inezstodel.com\/en\/collection\/archive\/enamelled-gold-locket\/","og_site_name":"Inez Stodel","article_modified_time":"2018-01-11T14:08:07+00:00","og_image":[{"width":900,"height":765,"url":"https:\/\/inezstodel.com\/wp-content\/uploads\/2017\/11\/1561www_flower_heart6.jpg","type":"image\/jpeg"}],"twitter_card":"summary_large_image","twitter_misc":{"Est. reading time":"1 minute"},"schema":{"@context":"https:\/\/schema.org","@graph":[{"@type":"WebPage","@id":"https:\/\/inezstodel.com\/en\/collection\/archive\/enamelled-gold-locket\/","url":"https:\/\/inezstodel.com\/en\/collection\/archive\/enamelled-gold-locket\/","name":"enamelled gold locket - Inez Stodel","isPartOf":{"@id":"https:\/\/inezstodel.com\/#website"},"primaryImageOfPage":{"@id":"https:\/\/inezstodel.com\/en\/collection\/archive\/enamelled-gold-locket\/#primaryimage"},"image":{"@id":"https:\/\/inezstodel.com\/en\/collection\/archive\/enamelled-gold-locket\/#primaryimage"},"thumbnailUrl":"https:\/\/inezstodel.com\/wp-content\/uploads\/2017\/11\/1561www_flower_heart6.jpg","datePublished":"2017-11-21T17:43:08+00:00","dateModified":"2018-01-11T14:08:07+00:00","breadcrumb":{"@id":"https:\/\/inezstodel.com\/en\/collection\/archive\/enamelled-gold-locket\/#breadcrumb"},"inLanguage":"en-US","potentialAction":[{"@type":"ReadAction","target":["https:\/\/inezstodel.com\/en\/collection\/archive\/enamelled-gold-locket\/"]}]},{"@type":"ImageObject","inLanguage":"en-US","@id":"https:\/\/inezstodel.com\/en\/collection\/archive\/enamelled-gold-locket\/#primaryimage","url":"https:\/\/inezstodel.com\/wp-content\/uploads\/2017\/11\/1561www_flower_heart6.jpg","contentUrl":"https:\/\/inezstodel.com\/wp-content\/uploads\/2017\/11\/1561www_flower_heart6.jpg","width":900,"height":765},{"@type":"BreadcrumbList","@id":"https:\/\/inezstodel.com\/en\/collection\/archive\/enamelled-gold-locket\/#breadcrumb","itemListElement":[{"@type":"ListItem","position":1,"name":"Home","item":"https:\/\/inezstodel.com\/en\/"},{"@type":"ListItem","position":2,"name":"Collection","item":"https:\/\/inezstodel.com\/en\/collection\/"},{"@type":"ListItem","position":3,"name":"enamelled gold locket"}]},{"@type":"WebSite","@id":"https:\/\/inezstodel.com\/#website","url":"https:\/\/inezstodel.com\/","name":"Inez Stodel","description":"period jewellery - antiques","publisher":{"@id":"https:\/\/inezstodel.com\/#organization"},"potentialAction":[{"@type":"SearchAction","target":{"@type":"EntryPoint","urlTemplate":"https:\/\/inezstodel.com\/?s={search_term_string}"},"query-input":{"@type":"PropertyValueSpecification","valueRequired":true,"valueName":"search_term_string"}}],"inLanguage":"en-US"},{"@type":"Organization","@id":"https:\/\/inezstodel.com\/#organization","name":"Inez Stodel","url":"https:\/\/inezstodel.com\/","logo":{"@type":"ImageObject","inLanguage":"en-US","@id":"https:\/\/inezstodel.com\/#\/schema\/logo\/image\/","url":"https:\/\/inezstodel.com\/wp-content\/uploads\/2017\/12\/InezStodel_Logo_jewellery.png","contentUrl":"https:\/\/inezstodel.com\/wp-content\/uploads\/2017\/12\/InezStodel_Logo_jewellery.png","width":232,"height":100,"caption":"Inez Stodel"},"image":{"@id":"https:\/\/inezstodel.com\/#\/schema\/logo\/image\/"}}]}},"_links":{"self":[{"href":"https:\/\/inezstodel.com\/en\/wp-json\/wp\/v2\/product\/8948","targetHints":{"allow":["GET"]}}],"collection":[{"href":"https:\/\/inezstodel.com\/en\/wp-json\/wp\/v2\/product"}],"about":[{"href":"https:\/\/inezstodel.com\/en\/wp-json\/wp\/v2\/types\/product"}],"wp:featuredmedia":[{"embeddable":true,"href":"https:\/\/inezstodel.com\/en\/wp-json\/wp\/v2\/media\/7806"}],"wp:attachment":[{"href":"https:\/\/inezstodel.com\/en\/wp-json\/wp\/v2\/media?parent=8948"}],"wp:term":[{"taxonomy":"product_cat","embeddable":true,"href":"https:\/\/inezstodel.com\/en\/wp-json\/wp\/v2\/product_cat?post=8948"},{"taxonomy":"product_tag","embeddable":true,"href":"https:\/\/inezstodel.com\/en\/wp-json\/wp\/v2\/product_tag?post=8948"}],"curies":[{"name":"wp","href":"https:\/\/api.w.org\/{rel}","templated":true}]}}